{"id":89,"date":"2024-06-05T21:20:56","date_gmt":"2024-06-05T21:20:56","guid":{"rendered":"https:\/\/barrososemminas.org\/2024\/?page_id=89"},"modified":"2024-07-11T21:59:40","modified_gmt":"2024-07-11T21:59:40","slug":"manifesto","status":"publish","type":"page","link":"https:\/\/barrososemminas.org\/2024\/","title":{"rendered":"Manifesto"},"content":{"rendered":"<div class=\"wp-block-columns eplus-wrapper is-layout-flex wp-container-core-columns-is-layout-28f84493 wp-block-columns-is-layout-flex eplus-styles-uid-04c756\">\n<div class=\"wp-block-column eplus-wrapper is-layout-flow wp-block-column-is-layout-flow\">\n<p class=\" eplus-wrapper\"><a href=\"https:\/\/barrososemminas.org\/2024\/manifesto\/manifesto-en\/\" data-type=\"page\" data-id=\"118\">English<\/a><\/p>\n<\/div>\n\n\n\n<div class=\"wp-block-column eplus-wrapper is-layout-flow wp-block-column-is-layout-flow\"><\/div>\n\n\n\n<div class=\"wp-block-column eplus-wrapper is-layout-flow wp-block-column-is-layout-flow\"><\/div>\n<\/div>\n\n\n<p class=\" eplus-wrapper\"><strong><em>Onde a empresa e o Estado cavam destrui\u00e7\u00e3o, n\u00f3s semeamos resist\u00eancia\u2026&nbsp;<\/em><\/strong><\/p>\n\n\n\n<p class=\" eplus-wrapper\"><\/p>\n\n\n\n<p class=\" eplus-wrapper\">Entre os dias 15 e 19 de agosto de 2024, reunimo-nos de novo para o Acampamento em Defesa do Barroso!<\/p>\n\n\n\n<p class=\" eplus-wrapper\"><\/p>\n\n\n\n<p class=\" eplus-wrapper\">Covas do Barroso est\u00e1 em luta h\u00e1 7 anos contra aquele que poderia ser o primeiro projeto de extra\u00e7\u00e3o de l\u00edtio a c\u00e9u aberto no continente europeu. O projeto est\u00e1 nas m\u00e3os de uma empresa de especula\u00e7\u00e3o financeira brit\u00e2nica, <em>Savannah Resources<\/em>, formada para lucrar com o que erradamente \u00e9 chamado de \u201ctransi\u00e7\u00e3o energ\u00e9tica verde\u201d.<\/p>\n\n\n\n<p class=\" eplus-wrapper\"><\/p>\n\n\n\n<p class=\" eplus-wrapper\">O Barroso e as suas formas de vida, harmoniosas com o seu entorno, recusam tornar-se numa nova \u201czona de sacrif\u00edcio\u201d para benef\u00edcio de uma economia cada vez mais desligada das realidades sociais e ecol\u00f3gicas do planeta. Aqui, as terras, as \u00e1guas, as montanhas n\u00e3o s\u00e3o meros recursos a serem esventrados \u2014 fazem parte das identidades e pr\u00e1ticas que, h\u00e1 s\u00e9culos, permitem a reprodu\u00e7\u00e3o e sustento da vida. <em>Aqui, a \u00e1gua e a terra n\u00e3o se vendem <\/em><em>\u2014<\/em><em> se amam e se defendem!<\/em><\/p>\n\n\n\n<p class=\" eplus-wrapper\">O projeto da <em>Savannah <\/em>prev\u00ea a abertura de 4 minas a c\u00e9u aberto, v\u00e1rias escombreiras de rejeitos e muitas outras infraestruturas industriais. Essas minas \u2014 algumas com 100 metros de profundidade e 38 hectares de \u00e0rea \u2014 ficariam localizadas \u00e0s portas das casas das pessoas: a apenas 200 metros da aldeia de Romainho, e 750 de Covas do Barroso. O projeto representa uma s\u00e9ria amea\u00e7a para as \u00e1guas do rio Covas e para toda a bacia hidrogr\u00e1fica do Douro. O projeto implicaria explos\u00f5es e detona\u00e7\u00f5es di\u00e1rias das montanhas, que resultariam em ru\u00eddos e poeiras insuport\u00e1veis. Devastaria solos agr\u00edcolas e grandes extens\u00f5es de \u00e1rea florestal de uso comum, colocando em risco os meios de subsist\u00eancia e as fontes de rendimento das popula\u00e7\u00f5es. Para al\u00e9m de tudo isto, teria efeitos imprevis\u00edveis para a ecologia regional e planet\u00e1ria.<\/p>\n\n\n\n<p class=\" eplus-wrapper\"><\/p>\n\n\n\n<p class=\" eplus-wrapper\">A mesma Ag\u00eancia Portuguesa do Ambiente que, em junho de 2022, reconheceu os impactos negativos muito significativos e irrevers\u00edveis deste projeto mineiro e lhe emitiu um parecer \u201cdesfavor\u00e1vel\u201d \u2014&nbsp; reconhecendo a incompatibilidade do mesmo com a classifica\u00e7\u00e3o de \u201cPatrim\u00f3nio Agr\u00edcola Mundial\u201d, ou seja, com o modo de vida local \u2014 em maio de 2023, emite uma Declara\u00e7\u00e3o de Impacte Ambiental (DIA) favor\u00e1vel condicionada. A obten\u00e7\u00e3o da DIA confirmou as nossas preocupa\u00e7\u00f5es quanto ao favorecimento estatal deste investimento privado, em detrimento do ambiente e das popula\u00e7\u00f5es.&nbsp;<\/p>\n\n\n\n<p class=\" eplus-wrapper\"><\/p>\n\n\n\n<p class=\" eplus-wrapper\">50 anos depois da Revolu\u00e7\u00e3o do 25 de Abril, sente-se no Barroso a opress\u00e3o e a repress\u00e3o de governos que querem impor a destrui\u00e7\u00e3o da regi\u00e3o a qualquer custo. Com efeito, desde que recebeu a DIA,&nbsp; a empresa \u2014 com a coniv\u00eancia do Estado \u2014 adotou uma postura mais agressiva e uma presen\u00e7a mais ass\u00eddua e intrusiva nas aldeias e na regi\u00e3o. Desde outubro de 2023, uma patrulha di\u00e1ria da GNR est\u00e1 destacada para a aldeia de Covas do Barroso. A empresa mobilizou tamb\u00e9m seguran\u00e7a privada de dia e de noite e persegue lideran\u00e7as comunit\u00e1rias na justi\u00e7a e atrav\u00e9s de comunicados&nbsp; intimidat\u00f3rios. Tudo isto s\u00e3o tentativas descaradas de intimidar, deslegitimar, descredibilizar e criminalizar a resist\u00eancia. Tudo isto s\u00e3o tentativas de minar este territ\u00f3rio, tentar impedir a contesta\u00e7\u00e3o e pressionar as popula\u00e7\u00f5es a aceitarem um projeto que n\u00e3o querem!<\/p>\n\n\n\n<p class=\" eplus-wrapper\"><\/p>\n\n\n\n<p class=\" eplus-wrapper\">Em novembro, a empresa tentou aceder aos terrenos baldios para fazer mais prospec\u00e7\u00f5es. Como a Comunidade dos Baldios e muitos propriet\u00e1rios privados continuam a negar-lhes acesso, a empresa recorreu \u00e0 usurpa\u00e7\u00e3o. Contavam eles que n\u00e3o houvesse em Covas do Barroso gente com espinha dorsal capaz de lhes fazer frente. Mas, gra\u00e7as \u00e0 uni\u00e3o e ao apoio constante de todos os cantos do pa\u00eds e do mundo, a comunidade n\u00e3o desistiu e resistiu. Durante 7 meses, todos os dias, bloqueou o acesso da empresa a terrenos baldios, demonstrando for\u00e7a, uni\u00e3o, perseveran\u00e7a e resist\u00eancia coletivas.<\/p>\n\n\n\n<p class=\" eplus-wrapper\"><\/p>\n\n\n\n<p class=\" eplus-wrapper\">Para al\u00e9m destas a\u00e7\u00f5es diretas, nos \u00faltimos anos, j\u00e1 pass\u00e1mos por muito: agimos judicial e legalmente em todas as fases dos processos administrativos; assin\u00e1mos peti\u00e7\u00f5es; sa\u00edmos \u00e0s ruas; organiz\u00e1mos encontros, caravanas, resid\u00eancias art\u00edsticas e acampamentos. Com tudo isso, ganh\u00e1mos muitas batalhas: par\u00e1mos os trabalhos de prospec\u00e7\u00e3o, impedimos a empresa de avan\u00e7ar no terreno, sensibiliz\u00e1mos consci\u00eancias e constru\u00edmos redes de solidariedade.&nbsp;<\/p>\n\n\n\n<p class=\" eplus-wrapper\"><\/p>\n\n\n\n<p class=\" eplus-wrapper\">O Barroso n\u00e3o \u00e9 uma serra isolada, nem este \u00e9 um problema isolado que s\u00f3 interessa \u00e0 sua popula\u00e7\u00e3o. Aqui, enfrentam-se decis\u00f5es determinantes que representam transforma\u00e7\u00f5es&nbsp; ecol\u00f3gicas, sociais e econ\u00f3micas n\u00e3o s\u00f3 para esta regi\u00e3o, mas para o tipo de futuro que queremos e seremos capazes de alcan\u00e7ar. Podemos repetir os erros do passado, insistindo numa busca incessante por lucro e numa ideia de \u201cprogresso\u201d \u00e0 custa do bem-estar da maioria. Ou pode ser um ponto de viragem para um futuro onde n\u00f3s, as florestas, os animais e os rios sejamos protegidos e valorizados, um futuro onde a \u00e1gua limpa e abundante, a comida saud\u00e1vel e o tempo para viver ajudem a redefinir \u201criqueza\u201d.<\/p>\n\n\n\n<p class=\" eplus-wrapper\"><\/p>\n\n\n\n<p class=\" eplus-wrapper\">A nossa luta desmistifica e recusa a abordagem dos Estados e do capital aos desafios ecol\u00f3gicos e sociais contempor\u00e2neos, evidenciando que estes projetos devastadores s\u00e3o uma escolha pol\u00edtica, condicionada por l\u00f3gicas econ\u00f3micas e depend\u00eancias energ\u00e9ticas. Manter a atual economia \u201cfuncional\u201d implica o crescimento econ\u00f3mico infinito, a cria\u00e7\u00e3o constante de novos mercados e a extra\u00e7\u00e3o cont\u00ednua de mat\u00e9rias-primas da Terra. Com esta vis\u00e3o, muitos territ\u00f3rios e popula\u00e7\u00f5es \u2014 principalmente os mais vulner\u00e1veis \u2014 s\u00e3o considerados \u201csacrific\u00e1veis\u201d em nome de um \u201cbem comum maior\u201d, que n\u00e3o \u00e9 nem um bem nem \u00e9 comum.&nbsp;<\/p>\n\n\n\n<p class=\" eplus-wrapper\"><\/p>\n\n\n\n<p class=\" eplus-wrapper\">\u00c9 esta vis\u00e3o que nos leva \u00e0 grande contradi\u00e7\u00e3o de destruir o planeta para o salvar, convenientemente reduzindo os vastos problemas ecol\u00f3gicos a uma mera contabiliza\u00e7\u00e3o de emiss\u00f5es de gases com efeito de estufa. \u00c9 esta vis\u00e3o que permite a expans\u00e3o e o refor\u00e7o do atual sistema produtivo e de consumo, mantendo a depend\u00eancia de combust\u00edveis f\u00f3sseis, enquanto fortalece a militariza\u00e7\u00e3o e a digitaliza\u00e7\u00e3o da sociedade e da economia. \u00c9 esta vis\u00e3o que nos afasta de ter um olhar mais hol\u00edstico das sociedades humanas e da Terra, e nos impede de fazer as perguntas dif\u00edceis, procurar novas respostas, e trilhar outros caminhos.<\/p>\n\n\n\n<p class=\" eplus-wrapper\"><\/p>\n\n\n\n<p class=\" eplus-wrapper\">N\u00e3o estamos sozinhas nesta jornada. S\u00f3 em Portugal, a \u00e1rea prospetiva para novos projetos extrativistas \u00e9 avassaladora. Proteger o Barroso, n\u00e3o permitindo que avancem com aquele que seria o primeiro projeto, \u00e9 tamb\u00e9m defender todos estes territ\u00f3rios. Caminhamos igualmente junto das nossas companheiras de Gornje Nedeljice, na S\u00e9rvia, do Su\u00eddo-Seixo, na Galiza, de Ca\u00f1averal, na Extremadura, de Allier, em Fran\u00e7a, com os povos dos Salares, na Puna Andina, e com todos os outros movimentos, comunidades e territ\u00f3rios que lutam por uma vida que n\u00e3o seja ditada por imperativos e interesses alheios ao bem-estar comum.<\/p>\n\n\n\n<p class=\" eplus-wrapper\"><\/p>\n\n\n\n<p class=\" eplus-wrapper\">O Acampamento \u00e9 um ponto de encontro, de partilha e de luta. Como as aranhas, tecemos redes. Como as lobas, uivamos. Como as toupeiras, conspiramos. Como os p\u00e1ssaros, voamos em bando. Como os carac\u00f3is, caminhamos lentamente. Como seres humanos, sabemos que \u00e9 imperativo manter ecossistemas funcionais que assegurem a vida \u2014 e lutamos por eles, com coragem, amor e alegria.<\/p>\n\n\n\n<p class=\" eplus-wrapper\"><\/p>\n\n\n\n<p class=\" eplus-wrapper\"><em>Esperamos por ti, em Covas do Barroso, entre 15 a 19 de Agosto de 2024. Junta-te a n\u00f3s!<\/em><\/p>\n","protected":false},"excerpt":{"rendered":"<p>English Onde a empresa e o Estado cavam destrui\u00e7\u00e3o, n\u00f3s semeamos resist\u00eancia\u2026&nbsp; Entre os dias 15 e 19 de agosto de 2024, reunimo-nos de novo para o Acampamento em Defesa do Barroso! Covas do Barroso est\u00e1 em luta h\u00e1 7 anos contra aquele que poderia ser o primeiro projeto de extra\u00e7\u00e3o de l\u00edtio a c\u00e9u [&hellip;]<\/p>\n","protected":false},"author":1,"featured_media":0,"parent":0,"menu_order":0,"comment_status":"closed","ping_status":"closed","template":"manifesto-2","meta":{"editor_plus_copied_stylings":"{}","footnotes":""},"class_list":["post-89","page","type-page","status-publish","hentry"],"_links":{"self":[{"href":"https:\/\/barrososemminas.org\/2024\/wp-json\/wp\/v2\/pages\/89","targetHints":{"allow":["GET"]}}],"collection":[{"href":"https:\/\/barrososemminas.org\/2024\/wp-json\/wp\/v2\/pages"}],"about":[{"href":"https:\/\/barrososemminas.org\/2024\/wp-json\/wp\/v2\/types\/page"}],"author":[{"embeddable":true,"href":"https:\/\/barrososemminas.org\/2024\/wp-json\/wp\/v2\/users\/1"}],"replies":[{"embeddable":true,"href":"https:\/\/barrososemminas.org\/2024\/wp-json\/wp\/v2\/comments?post=89"}],"version-history":[{"count":14,"href":"https:\/\/barrososemminas.org\/2024\/wp-json\/wp\/v2\/pages\/89\/revisions"}],"predecessor-version":[{"id":325,"href":"https:\/\/barrososemminas.org\/2024\/wp-json\/wp\/v2\/pages\/89\/revisions\/325"}],"wp:attachment":[{"href":"https:\/\/barrososemminas.org\/2024\/wp-json\/wp\/v2\/media?parent=89"}],"curies":[{"name":"wp","href":"https:\/\/api.w.org\/{rel}","templated":true}]}}