{"id":39,"date":"2021-07-15T21:40:14","date_gmt":"2021-07-15T21:40:14","guid":{"rendered":"https:\/\/barrososemminas.org\/2022\/?page_id=39"},"modified":"2021-07-22T15:24:59","modified_gmt":"2021-07-22T15:24:59","slug":"manifesto","status":"publish","type":"page","link":"https:\/\/barrososemminas.org\/2022\/","title":{"rendered":"Manifesto"},"content":{"rendered":"<div id=\"wppb-builder-container\" class=\"wppb-builder-container\">                <div  class=\"wppb-row-parent \"  >\n\t\t\t\t\t\n\t\t\t\t\t\t\t\t\t\t\n\t\t\t\t\t\t\t\t\t\t\n\t\t\t\t\t<div class=\"wppb-container  wppb-row-1627998500051  wppb-container-row-default\">\n\t\t\t\t\t\t\t\t\t\t\t\t\t\n                        <div class=\"wppb-row\">\n\t\t\t\t\t\t\t                                    <div  class=\"wppb-column-parent wppb-column-parent-view wppb-col-1627998500052  \"  >\n                                        <div class=\"wppb-column\">\n\t\t\t\t\t\n\t\t\t\t\t\t\t\t\t\t\t\n                                            <div class=\"wppb-builder-addons\">\n\t\t\t\t\t\t\t\t\t\t\t\t<div class='wppb-builder-addon wppb-addon-1627998500053'  data-addon-id='1627998500053'><div class='wppb-addon'><div class=\"wppb-text-block-addon\"><\/div><\/div><\/div>                                            <\/div>\n                                        <\/div>\n                                    <\/div>\n\t\t\t\t\t\t\t\t\t                                    <div  class=\"wppb-column-parent wppb-column-parent-view wppb-col-1627998500054  \"  >\n                                        <div class=\"wppb-column\">\n\t\t\t\t\t\n\t\t\t\t\t\t\t\t\t\t\t\n                                            <div class=\"wppb-builder-addons\">\n\t\t\t\t\t\t\t\t\t\t\t\t<div class='wppb-builder-addon wppb-addon-1627998500055'  data-addon-id='1627998500055'><div class='wppb-addon'><div class=\"wppb-text-block-addon\"><\/div><\/div><\/div><div class='wppb-builder-addon wppb-addon-1627998595390'  data-addon-id='1627998595390'><div class='wppb-addon'><div class=\"wppb-raw-html-addon\"><div class=\"wppb-raw-html-content\"><div class=\"lang_manifest\">\n\n<p>\n<a href=\"\/\">Portugu\u00eas\/Galego<\/a>\n<a href=\"\/es\/manifesto-castellano\/\">Castellano<\/a>\n<a href=\"\/en\/manifesto-english\/\">English<\/a> \n<a href=\"\/es\/manifesto-francais\/\">Fran\u00e7ais<\/a>\n\n<a href=\"\/pl\/oczywisty\/\">Polski<\/a>\n\n<p class=\"otherlangs\">\n\n<a href=\"\/de\/manifesto-deutsch\/\">Deutsch<\/a>\n\n<\/p>\n<\/p><\/div><\/div><\/div><\/div><\/div><div class='wppb-builder-addon wppb-addon-1627998500070'  data-addon-id='1627998500070'><div class='wppb-addon'><div class=\"wppb-text-block-addon\"><\/div><\/div><\/div><div class='wppb-builder-addon wppb-addon-1627998500057'  data-addon-id='1627998500057'><div class='wppb-addon'><div class=\"wppb-text-block-addon\"><div class=\"wppb-text-block-content 0\"><div class=\"manifesto\"><h1 id=\"magicdomid29\" class=\"ace-line\" style=\"text-align: center\"><span class=\"b\"><b>ACAMPAMENTO EM DEFESA DO BARROSO <\/b><\/span><\/h1><h2 class=\"ace-line\" style=\"text-align: center\"><span class=\"b\"><b>N\u00e3o \u00e0s minas, sim \u00e0 vida!<\/b><\/span><\/h2><\/div><div id=\"magicdomid30\" class=\"ace-line\">\u00a0<\/div><div id=\"magicdomid31\" class=\"ace-line\"><p><span style=\"font-weight: 400\">Em agosto de 2021, as portas da Quinta do Cruzeiro abriram-se de par em par para acolher amigas\/os e irm\u00e3s\/\u00e3os de luta, chegados de norte a sul do pa\u00eds e de todos os cantos do mundo. A popula\u00e7\u00e3o de Covas do Barroso recebeu-os como sempre recebe qualquer forasteiro que venha de boa-vontade: de cora\u00e7\u00e3o aberto, sorriso posto, e entrada franca.<\/span><\/p><p><span style=\"font-weight: 400\">Depois de uma experi\u00eancia muito recompensadora tanto para visitantes quanto para habitantes, e porque a nossa luta persiste, o Acampamento em Defesa de Covas do Barroso regressa para uma segunda edi\u00e7\u00e3o!\u00a0<\/span><\/p><p><span style=\"font-weight: 400\">Entre os dias 12 e 15 de Agosto de 2022, convidamos novamente todas aquelas que a n\u00f3s se queiram juntar para quatro dias de partilhas de experi\u00eancias e hist\u00f3rias\u00a0\u00a0<\/span><\/p><p><span style=\"font-weight: 400\">A nossa luta \u00e9 a mesma, mas tamb\u00e9m \u00e9 diferente. Se no passado ach\u00e1vamos que (apenas) ter\u00edamos que enfrentar uma empresa <\/span><b>e<\/b><span style=\"font-weight: 400\"> o governo portugu\u00eas para proteger o nosso territ\u00f3rio e o patrim\u00f3nio, agora sabemos que vale tudo.\u00a0 Fomos confrontados\/as com amea\u00e7as,\u00a0 com tentativas de intrus\u00e3o nos processos democr\u00e1ticos do poder local e, inclusive, com as mais b\u00e1sicas t\u00e1ticas de divis\u00e3o, segundo a famosa m\u00e1xima \u201cdividir para conquistar\u201d. Aprendemos a n\u00e3o subestimar o qu\u00e3o fundo se consegue descer na busca desenfreada por lucro.<\/span><\/p><p><span style=\"font-weight: 400\">Contra as insidiosas manobras de divis\u00e3o social orquestradas pelas companhias mineiras, contamos com o apoio, a solidariedade e a camaradagem de outras popula\u00e7\u00f5es em luta, aqui e mundo afora, assim como com a for\u00e7a da uni\u00e3o da nossa comunidade.\u00a0<\/span><\/p><p><span style=\"font-weight: 400\">Este ano, perante o cen\u00e1rio de guerra e de militariza\u00e7\u00e3o da sociedade, o mundo v\u00ea-se\u00a0 obrigado a refletir sobre o que significa e quanto custa realmente a \u201ctransi\u00e7\u00e3o\u201d energ\u00e9tica que se adivinha. Queremos confrontar e desconstruir a ideia de que a transi\u00e7\u00e3o energ\u00e9tica tem de passar, necessariamente,\u00a0 pelo extrativismo desenfreado, pelo esgotamento de todos os recursos naturais segundo o plano de terra arrasada, pela despossess\u00e3o dos territ\u00f3rios rurais, e pela procura incessante de lucros. Queremos falar-vos de engenharia social e de terrorismo judicial, de como combater o frenesim capitalista que quer crescer \u00e0 custa das nossas gentes, dos nossos montes e das nossas \u00e1guas.<\/span><\/p><p><span style=\"font-weight: 400\">Queremos, acima de tudo, evitar que uma empresa gananciosa destrua as nossas serras e reescreva a nossa ancestral hist\u00f3ria. Queremos impedir este colonialismo modernista, que submete popula\u00e7\u00f5es e regi\u00f5es vulner\u00e1veis aos piores abusos em nome de um \u201cbem comum\u201d que nunca chega.\u00a0<\/span><\/p><p><span style=\"font-weight: 400\">N\u00e3o nos vamos deixar enganar pelas \u201cRoupas Nova do Rei\u201d, nem ser obrigados a dizer que cinzento \u00e9 verde, que as minas s\u00e3o sustent\u00e1veis, e muito menos iremos acreditar que as empresas de minera\u00e7\u00e3o s\u00e3o os nossos salvadores e que nos v\u00e3o trazer desenvolvimento sustent\u00e1vel.\u00a0<\/span><\/p><p><span style=\"font-weight: 400\">Estamos cansados de afirma\u00e7\u00f5es de\u00a0 que a explora\u00e7\u00e3o mineira na\u00a0 <\/span><span style=\"font-weight: 400\">UE est\u00e1 sujeita aos mais elevados padr\u00f5es ambientais e sociais a n\u00edvel mundial, ficou provado que n\u00e3o \u00e9 e que estamos\u00a0 vulner\u00e1veis a abusos.\u00a0 Em Covas do Barroso temos a prova de que as leis valem pouco ou nada se n\u00e3o forem aplicadas e mais ainda se o governo e as institui\u00e7\u00f5es p\u00fablicas estiverem dispostas a ceder e a curvar-se \u00e0 vontade das empresas mineiras.\u00a0<\/span><\/p><p><span style=\"font-weight: 400\">Em Covas do Barroso, n\u00f3s que sempre vivemos de forma sustent\u00e1vel, recusamos ser sacrificados para que outros possam manter o seu consumismo intensivo.\u00a0<\/span><\/p><p><span style=\"font-weight: 400\">Gostar\u00edamos muito de contar-vos a nossa hist\u00f3ria, apresentar-vos as nossas gentes, e mostrar-vos o imenso patrim\u00f3nio hist\u00f3rico e natural que herd\u00e1mos - e que lutamos para proteger.<\/span><\/p><p><span style=\"font-weight: 400\">Temos v\u00e1rias propostas de discuss\u00e3o, mas queremos\u00a0 ouvir as vossas tamb\u00e9m.\u00a0<\/span><\/p><p><span style=\"font-weight: 400\">Inscrevam-se e juntem a vossa voz \u00e0 nossa!<\/span><\/p><p><span style=\"font-weight: 400\">Sim \u00e0 VIDA. N\u00e3o \u00e0s MINAS.\u00a0<\/span><\/p><p><span style=\"font-weight: 400\">VERDE \u00c9 O BARROSO!<\/span><\/p><\/div><div>\u00a0<\/div><div>\u00a0<\/div><\/div><\/div><\/div><\/div><div class='wppb-builder-addon wppb-addon-1628013661332'  data-addon-id='1628013661332'><div class='wppb-addon'><div class=\"wppb-text-block-addon\"><\/div><\/div><\/div><div class='wppb-builder-addon wppb-addon-1627998500058'  data-addon-id='1627998500058'><div class='wppb-addon'><div class=\"wppb-text-block-addon\"><\/div><\/div><\/div><div class='wppb-builder-addon wppb-addon-1628013722437'  data-addon-id='1628013722437'><div class='wppb-addon'><div class=\"wppb-button-group-addon\"><div class=\"wppb-button-addon-content\"><\/div><\/div><\/div><\/div>                                            <\/div>\n                                        <\/div>\n                                    <\/div>\n\t\t\t\t\t\t\t\t\t                                    <div  class=\"wppb-column-parent wppb-column-parent-view wppb-col-1627998500059  \"  >\n                                        <div class=\"wppb-column\">\n\t\t\t\t\t\n\t\t\t\t\t\t\t\t\t\t\t\n                                            <div class=\"wppb-builder-addons\">\n\t\t\t\t\t\t\t\t\t\t\t\t<div class='wppb-builder-addon wppb-addon-1627998500060'  data-addon-id='1627998500060'><div class='wppb-addon'><div class=\"wppb-text-block-addon\"><\/div><\/div><\/div>                                            <\/div>\n                                        <\/div>\n                                    <\/div>\n\t\t\t\t\t\t\t\t\t                        <\/div>\n\n                    <\/div>\n                <\/div>\n\t\t\t\t                <div id=\"footer\" class=\"wppb-row-parent  wppb-row-1628009918161 \"  >\n\t\t\t\t\t\n\t\t\t\t\t                        <div class=\"wppb-shape-container wppb-top-shape\">\n\t\t\t\t\t\t\t<svg xmlns=\"http:\/\/www.w3.org\/2000\/svg\" viewBox=\"0 0 1000 100\" preserveAspectRatio=\"none\">\n    <path d=\"M0,6V0H1000V100Z\" transform=\"translate(0 0)\"\/>\n<\/svg>\t\t\t\t\t\t<\/div>\n\t\t\t\t\t\t\t\t\t\t\n\t\t\t\t\t\t\t\t\t\t\n\t\t\t\t\t<div class=\"wppb-container \">\n\t\t\t\t\t\t\t\t\t\t\t\t\t\n                        <div class=\"wppb-row\">\n\t\t\t\t\t\t\t                                    <div  class=\"wppb-column-parent wppb-column-parent-view wppb-col-1628010450414  \"  >\n                                        <div class=\"wppb-column\">\n\t\t\t\t\t\n\t\t\t\t\t\t\t\t\t\t\t\n                                            <div class=\"wppb-builder-addons\">\n\t\t\t\t\t\t\t\t\t\t\t\t<div class='wppb-builder-addon wppb-widget-1628010577180 wppb-addon-1628010577180'  data-addon-id='1628010577180'><div class='wppb-widget'><nav class=\"menu-1-container\" aria-label=\"Menu\"><ul id=\"menu-1\" class=\"menu\"><li id=\"menu-item-426\" class=\"menu-item menu-item-type-post_type menu-item-object-page menu-item-has-children menu-item-426\"><a href=\"https:\/\/barrososemminas.org\/2022\/acampada\/\">ACAMPADA<\/a>\n<ul class=\"sub-menu\">\n\t<li id=\"menu-item-427\" class=\"menu-item menu-item-type-post_type menu-item-object-page menu-item-home menu-item-427\"><a href=\"https:\/\/barrososemminas.org\/2022\/\">Manifesto<\/a><\/li>\n\t<li id=\"menu-item-692\" class=\"menu-item menu-item-type-custom menu-item-object-custom menu-item-692\"><a href=\"https:\/\/2021.barrososemminas.org\/2022\">Acampada 2021<\/a><\/li>\n<\/ul>\n<\/li>\n<\/ul><\/nav><\/div><\/div>                                            <\/div>\n                                        <\/div>\n                                    <\/div>\n\t\t\t\t\t\t\t\t\t                                    <div  class=\"wppb-column-parent wppb-column-parent-view wppb-col-1628010450418  \"  >\n                                        <div class=\"wppb-column\">\n\t\t\t\t\t\n\t\t\t\t\t\t\t\t\t\t\t\n                                            <div class=\"wppb-builder-addons\">\n\t\t\t\t\t\t\t\t\t\t\t\t<div class='wppb-builder-addon wppb-widget-1628010589973 wppb-addon-1628010589973'  data-addon-id='1628010589973'><div class='wppb-widget'><nav class=\"menu-2-container\" aria-label=\"Menu\"><ul id=\"menu-2\" class=\"menu\"><li id=\"menu-item-432\" class=\"menu-item menu-item-type-post_type menu-item-object-page menu-item-has-children menu-item-432\"><a href=\"https:\/\/barrososemminas.org\/2022\/apoiar\/\">COMO PARTICIPAR<\/a>\n<ul class=\"sub-menu\">\n\t<li id=\"menu-item-434\" class=\"menu-item menu-item-type-post_type menu-item-object-page menu-item-434\"><a href=\"https:\/\/barrososemminas.org\/2022\/apoiar\/como-chegar\/\">Como chegar<\/a><\/li>\n\t<li id=\"menu-item-435\" class=\"menu-item menu-item-type-post_type menu-item-object-page menu-item-435\"><a href=\"https:\/\/barrososemminas.org\/2022\/apoiar\/donativos\/\">Donativos<\/a><\/li>\n<\/ul>\n<\/li>\n<\/ul><\/nav><\/div><\/div>                                            <\/div>\n                                        <\/div>\n                                    <\/div>\n\t\t\t\t\t\t\t\t\t                                    <div  class=\"wppb-column-parent wppb-column-parent-view wppb-col-1628010450416  \"  >\n                                        <div class=\"wppb-column\">\n\t\t\t\t\t\n\t\t\t\t\t\t\t\t\t\t\t\n                                            <div class=\"wppb-builder-addons\">\n\t\t\t\t\t\t\t\t\t\t\t\t<div class='wppb-builder-addon wppb-widget-1628010290301 wppb-addon-1628010290301'  data-addon-id='1628010290301'><div class='wppb-widget'><nav class=\"menu-3-container\" aria-label=\"Menu\"><ul id=\"menu-3\" class=\"menu\"><li id=\"menu-item-438\" class=\"menu-item menu-item-type-post_type menu-item-object-page menu-item-has-children menu-item-438\"><a href=\"https:\/\/barrososemminas.org\/2022\/coletivos\/\">COLETIVOS<\/a>\n<ul class=\"sub-menu\">\n\t<li id=\"menu-item-440\" class=\"menu-item menu-item-type-post_type menu-item-object-page menu-item-440\"><a href=\"https:\/\/barrososemminas.org\/2022\/coletivos\/locais\/\">Do Barroso<\/a><\/li>\n\t<li id=\"menu-item-693\" class=\"menu-item menu-item-type-post_type menu-item-object-page menu-item-693\"><a href=\"https:\/\/barrososemminas.org\/2022\/coletivos\/amigos\/\">Amigos<\/a><\/li>\n<\/ul>\n<\/li>\n<\/ul><\/nav><\/div><\/div>                                            <\/div>\n                                        <\/div>\n                                    <\/div>\n\t\t\t\t\t\t\t\t\t                                    <div  class=\"wppb-column-parent wppb-column-parent-view wppb-col-1628009918159  \"  >\n                                        <div class=\"wppb-column\">\n\t\t\t\t\t\n\t\t\t\t\t\t\t\t\t\t\t\n                                            <div class=\"wppb-builder-addons\">\n\t\t\t\t\t\t\t\t\t\t\t\t<div class='wppb-builder-addon wppb-widget-1628010599014 wppb-addon-1628010599014'  data-addon-id='1628010599014'><div class='wppb-widget'><nav class=\"menu-4-container\" aria-label=\"Menu\"><ul id=\"menu-4\" class=\"menu\"><li id=\"menu-item-441\" class=\"menu-item menu-item-type-post_type menu-item-object-page menu-item-has-children menu-item-441\"><a href=\"https:\/\/barrososemminas.org\/2022\/extras-2\/\">EXTRAS<\/a>\n<ul class=\"sub-menu\">\n\t<li id=\"menu-item-443\" class=\"menu-item menu-item-type-post_type menu-item-object-page menu-item-443\"><a href=\"https:\/\/barrososemminas.org\/2022\/extras-2\/ilustracao\/\">Material para divulga\u00e7\u00e3o<\/a><\/li>\n\t<li id=\"menu-item-482\" class=\"menu-item menu-item-type-post_type menu-item-object-page menu-item-482\"><a href=\"https:\/\/barrososemminas.org\/2022\/mencoes-na-imprensa\/\">Men\u00e7\u00f5es na Imprensa<\/a><\/li>\n<\/ul>\n<\/li>\n<li id=\"menu-item-444\" class=\"menu-item menu-item-type-post_type menu-item-object-page menu-item-444\"><a href=\"https:\/\/barrososemminas.org\/2022\/acampada\/contacta-nos\/\">CONTACTA-NOS<\/a><\/li>\n<\/ul><\/nav><\/div><\/div>                                            <\/div>\n                                        <\/div>\n                                    <\/div>\n\t\t\t\t\t\t\t\t\t                        <\/div>\n\n                    <\/div>\n                <\/div>\n\t\t\t\t                <div  class=\"wppb-row-parent  wppb-row-1628009918171 \"  >\n\t\t\t\t\t\n\t\t\t\t\t\t\t\t\t\t\n\t\t\t\t\t\t\t\t\t\t\n\t\t\t\t\t<div class=\"wppb-container \">\n\t\t\t\t\t\t\t\t\t\t\t\t\t\n                        <div class=\"wppb-row\">\n\t\t\t\t\t\t\t                                    <div  class=\"wppb-column-parent wppb-column-parent-view wppb-col-1628009918170  \"  >\n                                        <div class=\"wppb-column\">\n\t\t\t\t\t\n\t\t\t\t\t\t\t\t\t\t\t\n                                            <div class=\"wppb-builder-addons\">\n\t\t\t\t\t\t\t\t\t\t\t\t                                            <\/div>\n                                        <\/div>\n                                    <\/div>\n\t\t\t\t\t\t\t\t\t                        <\/div>\n\n                    <\/div>\n                <\/div>\n\t\t\t\t                <div  class=\"wppb-row-parent  wppb-row-1628180595275 \"  >\n\t\t\t\t\t\n\t\t\t\t\t\t\t\t\t\t\n\t\t\t\t\t\t\t\t\t\t\n\t\t\t\t\t<div class=\"wppb-container \">\n\t\t\t\t\t\t\t\t\t\t\t\t\t\n                        <div class=\"wppb-row\">\n\t\t\t\t\t\t\t                                    <div  class=\"wppb-column-parent wppb-column-parent-view wppb-col-1628180595271  \"  >\n                                        <div class=\"wppb-column\">\n\t\t\t\t\t\n\t\t\t\t\t\t\t\t\t\t\t\n                                            <div class=\"wppb-builder-addons\">\n\t\t\t\t\t\t\t\t\t\t\t\t<div class='wppb-builder-addon wppb-addon-1628180611829'  data-addon-id='1628180611829'><div class='wppb-addon'><div class=\"wppb-icon-addon\"><div class=\"wppb-icon-content\"><span class=\"wppb-icon-inner\"><a  href=\"https:\/\/social.coletivos.org\/@barrososemminas\" target=_blank><i class=\"fab fa-mastodon\"><\/i><\/a><\/span><\/div><\/div><\/div><\/div><div class='wppb-builder-addon wppb-addon-1628180957859'  data-addon-id='1628180957859'><div class='wppb-addon'><div class=\"wppb-raw-html-addon\"><div class=\"wppb-raw-html-content\"><p><\/p>\n<a href=\"https:\/\/social.coletivos.org\/@barrososemminas\">Mastodon<\/a><\/div><\/div><\/div><\/div>                                            <\/div>\n                                        <\/div>\n                                    <\/div>\n\t\t\t\t\t\t\t\t\t                                    <div  class=\"wppb-column-parent wppb-column-parent-view wppb-col-1628180595272  \"  >\n                                        <div class=\"wppb-column\">\n\t\t\t\t\t\n\t\t\t\t\t\t\t\t\t\t\t\n                                            <div class=\"wppb-builder-addons\">\n\t\t\t\t\t\t\t\t\t\t\t\t<div class='wppb-builder-addon wppb-addon-1628180595294'  data-addon-id='1628180595294'><div class='wppb-addon'><div class=\"wppb-icon-addon\"><div class=\"wppb-icon-content\"><span class=\"wppb-icon-inner\"><a  href=\"https:\/\/instagram.com\/barrososemminas?utm_medium=copy_link\" ><i class=\"fab fa-instagram\"><\/i><\/a><\/span><\/div><\/div><\/div><\/div><div class='wppb-builder-addon wppb-addon-1628180595811'  data-addon-id='1628180595811'><div class='wppb-addon'><div class=\"wppb-raw-html-addon\"><div class=\"wppb-raw-html-content\"><p><\/p>\n<a href=\"https:\/\/instagram.com\/barrososemminas?utm_medium=copy_link\">Instagram<\/a><\/div><\/div><\/div><\/div>                                            <\/div>\n                                        <\/div>\n                                    <\/div>\n\t\t\t\t\t\t\t\t\t                                    <div  class=\"wppb-column-parent wppb-column-parent-view wppb-col-1628180595273  \"  >\n                                        <div class=\"wppb-column\">\n\t\t\t\t\t\n\t\t\t\t\t\t\t\t\t\t\t\n                                            <div class=\"wppb-builder-addons\">\n\t\t\t\t\t\t\t\t\t\t\t\t<div class='wppb-builder-addon wppb-addon-1628180766195'  data-addon-id='1628180766195'><div class='wppb-addon'><div class=\"wppb-image-addon\"><figure class=\"wppb-image-addon-content-wrap\"><div class=\"wppb-image-addon-content wppb-imginlineblock\"><img class=\"wppb-image-addon-img\" src=\"https:\/\/barrososemminas.org\/2022\/wp-content\/uploads\/2021\/08\/peertube.png\" alt=\"Peertube\"><\/div><\/figure><\/div><\/div><\/div><div class='wppb-builder-addon wppb-addon-1628180595808'  data-addon-id='1628180595808'><div class='wppb-addon'><div class=\"wppb-raw-html-addon\"><div class=\"wppb-raw-html-content\"><p><\/p>\n<a href=\"https:\/\/videos.coletivos.org\/video-channels\/acampada\/videos\">Peertube<\/a><\/div><\/div><\/div><\/div>                                            <\/div>\n                                        <\/div>\n                                    <\/div>\n\t\t\t\t\t\t\t\t\t                                    <div  class=\"wppb-column-parent wppb-column-parent-view wppb-col-1628180595274  \"  >\n                                        <div class=\"wppb-column\">\n\t\t\t\t\t\n\t\t\t\t\t\t\t\t\t\t\t\n                                            <div class=\"wppb-builder-addons\">\n\t\t\t\t\t\t\t\t\t\t\t\t<div class='wppb-builder-addon wppb-addon-1628180595288'  data-addon-id='1628180595288'><div class='wppb-addon'><div class=\"wppb-icon-addon\"><div class=\"wppb-icon-content\"><span class=\"wppb-icon-inner\"><a  href=\"https:\/\/www.facebook.com\/acampamentoemdefesadobarroso\/\" ><i class=\"fab fa-facebook\"><\/i><\/a><\/span><\/div><\/div><\/div><\/div><div class='wppb-builder-addon wppb-addon-1628180595805'  data-addon-id='1628180595805'><div class='wppb-addon'><div class=\"wppb-raw-html-addon\"><div class=\"wppb-raw-html-content\"><p><\/p>\n<a href=\"https:\/\/www.facebook.com\/acampamentoemdefesadobarroso\/\">Facebook<\/a><\/div><\/div><\/div><\/div>                                            <\/div>\n                                        <\/div>\n                                    <\/div>\n\t\t\t\t\t\t\t\t\t                        <\/div>\n\n                    <\/div>\n                <\/div>\n\t\t\t\t<\/div>","protected":false},"excerpt":{"rendered":"<p>Portugu\u00eas\/Galego Castellano English Fran\u00e7ais Polski Deutsch ACAMPAMENTO EM DEFESA DO BARROSO N\u00e3o \u00e0s minas, sim \u00e0 vida!\u00a0Em agosto de 2021, as portas da Quinta do Cruzeiro abriram-se de par em par para acolher amigas\/os e irm\u00e3s\/\u00e3os de luta, chegados de norte a sul do pa\u00eds e de todos os cantos do mundo. A popula\u00e7\u00e3o de &hellip; <\/p>\n<p class=\"link-more\"><a href=\"https:\/\/barrososemminas.org\/2022\/\" class=\"more-link\">Continuar a ler <span class=\"screen-reader-text\">&#8220;Manifesto&#8221;<\/span><\/a><\/p>\n","protected":false},"author":1,"featured_media":0,"parent":25,"menu_order":28,"comment_status":"closed","ping_status":"closed","template":"wppb_theme_template","meta":[],"_links":{"self":[{"href":"https:\/\/barrososemminas.org\/2022\/wp-json\/wp\/v2\/pages\/39"}],"collection":[{"href":"https:\/\/barrososemminas.org\/2022\/wp-json\/wp\/v2\/pages"}],"about":[{"href":"https:\/\/barrososemminas.org\/2022\/wp-json\/wp\/v2\/types\/page"}],"author":[{"embeddable":true,"href":"https:\/\/barrososemminas.org\/2022\/wp-json\/wp\/v2\/users\/1"}],"replies":[{"embeddable":true,"href":"https:\/\/barrososemminas.org\/2022\/wp-json\/wp\/v2\/comments?post=39"}],"version-history":[{"count":1,"href":"https:\/\/barrososemminas.org\/2022\/wp-json\/wp\/v2\/pages\/39\/revisions"}],"predecessor-version":[{"id":40,"href":"https:\/\/barrososemminas.org\/2022\/wp-json\/wp\/v2\/pages\/39\/revisions\/40"}],"up":[{"embeddable":true,"href":"https:\/\/barrososemminas.org\/2022\/wp-json\/wp\/v2\/pages\/25"}],"wp:attachment":[{"href":"https:\/\/barrososemminas.org\/2022\/wp-json\/wp\/v2\/media?parent=39"}],"curies":[{"name":"wp","href":"https:\/\/api.w.org\/{rel}","templated":true}]}}