{"id":339,"date":"2021-07-23T23:57:53","date_gmt":"2021-07-23T23:57:53","guid":{"rendered":"https:\/\/barrososemminas.org\/2022\/?page_id=339"},"modified":"2021-07-23T23:58:04","modified_gmt":"2021-07-23T23:58:04","slug":"contacta-nos","status":"publish","type":"page","link":"https:\/\/barrososemminas.org\/2022\/acampada\/contacta-nos\/","title":{"rendered":"Contacta-nos"},"content":{"rendered":"<div id=\"wppb-builder-container\" class=\"wppb-builder-container\">                <div  class=\"wppb-row-parent  wppb-row-1627084704647 \"  >\n\t\t\t\t\t\n\t\t\t\t\t\t\t\t\t\t\n\t\t\t\t\t\t\t\t\t\t\n\t\t\t\t\t<div class=\"wppb-container \">\n\t\t\t\t\t\t\t\t\t\t\t\t\t\n                        <div class=\"wppb-row\">\n\t\t\t\t\t\t\t                                    <div  class=\"wppb-column-parent wppb-column-parent-view wppb-col-1627084704646  \"  >\n                                        <div class=\"wppb-column\">\n\t\t\t\t\t\n\t\t\t\t\t\t\t\t\t\t\t\n                                            <div class=\"wppb-builder-addons\">\n\t\t\t\t\t\t\t\t\t\t\t\t<div class='wppb-builder-addon wppb-widget-1627084715399 wppb-addon-1627084715399'  data-addon-id='1627084715399'><div class='wppb-widget'><\/div><\/div>                                            <\/div>\n                                        <\/div>\n                                    <\/div>\n\t\t\t\t\t\t\t\t\t                        <\/div>\n\n                    <\/div>\n                <\/div>\n\t\t\t\t                <div id=\"footer\" class=\"wppb-row-parent  wppb-row-1628013580524 \"  >\n\t\t\t\t\t\n\t\t\t\t\t                        <div class=\"wppb-shape-container wppb-top-shape\">\n\t\t\t\t\t\t\t<svg xmlns=\"http:\/\/www.w3.org\/2000\/svg\" viewBox=\"0 0 1000 100\" preserveAspectRatio=\"none\">\n    <path d=\"M0,6V0H1000V100Z\" transform=\"translate(0 0)\"\/>\n<\/svg>\t\t\t\t\t\t<\/div>\n\t\t\t\t\t\t\t\t\t\t\n\t\t\t\t\t\t\t\t\t\t\n\t\t\t\t\t<div class=\"wppb-container \">\n\t\t\t\t\t\t\t\t\t\t\t\t\t\n                        <div class=\"wppb-row\">\n\t\t\t\t\t\t\t                                    <div  class=\"wppb-column-parent wppb-column-parent-view wppb-col-1628013580525  \"  >\n                                        <div class=\"wppb-column\">\n\t\t\t\t\t\n\t\t\t\t\t\t\t\t\t\t\t\n                                            <div class=\"wppb-builder-addons\">\n\t\t\t\t\t\t\t\t\t\t\t\t<div class='wppb-builder-addon wppb-widget-1628010577180 wppb-addon-1628010577180'  data-addon-id='1628010577180'><div class='wppb-widget'><nav class=\"menu-1-container\" aria-label=\"Menu\"><ul id=\"menu-1\" class=\"menu\"><li id=\"menu-item-426\" class=\"menu-item menu-item-type-post_type menu-item-object-page menu-item-has-children menu-item-426\"><a href=\"https:\/\/barrososemminas.org\/2022\/acampada\/\">ACAMPADA<\/a>\n<ul class=\"sub-menu\">\n\t<li id=\"menu-item-427\" class=\"menu-item menu-item-type-post_type menu-item-object-page menu-item-home menu-item-427\"><a href=\"https:\/\/barrososemminas.org\/2022\/\">Manifesto<\/a><\/li>\n\t<li id=\"menu-item-692\" class=\"menu-item menu-item-type-custom menu-item-object-custom menu-item-692\"><a href=\"https:\/\/2021.barrososemminas.org\/2022\">Acampada 2021<\/a><\/li>\n<\/ul>\n<\/li>\n<\/ul><\/nav><\/div><\/div>                                            <\/div>\n                                        <\/div>\n                                    <\/div>\n\t\t\t\t\t\t\t\t\t                                    <div  class=\"wppb-column-parent wppb-column-parent-view wppb-col-1628013580527  \"  >\n                                        <div class=\"wppb-column\">\n\t\t\t\t\t\n\t\t\t\t\t\t\t\t\t\t\t\n                                            <div class=\"wppb-builder-addons\">\n\t\t\t\t\t\t\t\t\t\t\t\t<div class='wppb-builder-addon wppb-widget-1628010589973 wppb-addon-1628010589973'  data-addon-id='1628010589973'><div class='wppb-widget'><nav class=\"menu-2-container\" aria-label=\"Menu\"><ul id=\"menu-2\" class=\"menu\"><li id=\"menu-item-432\" class=\"menu-item menu-item-type-post_type menu-item-object-page menu-item-has-children menu-item-432\"><a href=\"https:\/\/barrososemminas.org\/2022\/apoiar\/\">COMO PARTICIPAR<\/a>\n<ul class=\"sub-menu\">\n\t<li id=\"menu-item-434\" class=\"menu-item menu-item-type-post_type menu-item-object-page menu-item-434\"><a href=\"https:\/\/barrososemminas.org\/2022\/apoiar\/como-chegar\/\">Como chegar<\/a><\/li>\n\t<li id=\"menu-item-435\" class=\"menu-item menu-item-type-post_type menu-item-object-page menu-item-435\"><a href=\"https:\/\/barrososemminas.org\/2022\/apoiar\/donativos\/\">Donativos<\/a><\/li>\n<\/ul>\n<\/li>\n<\/ul><\/nav><\/div><\/div>                                            <\/div>\n                                        <\/div>\n                                    <\/div>\n\t\t\t\t\t\t\t\t\t                                    <div  class=\"wppb-column-parent wppb-column-parent-view wppb-col-1628013580529  \"  >\n                                        <div class=\"wppb-column\">\n\t\t\t\t\t\n\t\t\t\t\t\t\t\t\t\t\t\n                                            <div class=\"wppb-builder-addons\">\n\t\t\t\t\t\t\t\t\t\t\t\t<div class='wppb-builder-addon wppb-widget-1628010290301 wppb-addon-1628010290301'  data-addon-id='1628010290301'><div class='wppb-widget'><nav class=\"menu-3-container\" aria-label=\"Menu\"><ul id=\"menu-3\" class=\"menu\"><li id=\"menu-item-438\" class=\"menu-item menu-item-type-post_type menu-item-object-page menu-item-has-children menu-item-438\"><a href=\"https:\/\/barrososemminas.org\/2022\/coletivos\/\">COLETIVOS<\/a>\n<ul class=\"sub-menu\">\n\t<li id=\"menu-item-440\" class=\"menu-item menu-item-type-post_type menu-item-object-page menu-item-440\"><a href=\"https:\/\/barrososemminas.org\/2022\/coletivos\/locais\/\">Do Barroso<\/a><\/li>\n\t<li id=\"menu-item-693\" class=\"menu-item menu-item-type-post_type menu-item-object-page menu-item-693\"><a href=\"https:\/\/barrososemminas.org\/2022\/coletivos\/amigos\/\">Amigos<\/a><\/li>\n<\/ul>\n<\/li>\n<\/ul><\/nav><\/div><\/div>                                            <\/div>\n                                        <\/div>\n                                    <\/div>\n\t\t\t\t\t\t\t\t\t                                    <div  class=\"wppb-column-parent wppb-column-parent-view wppb-col-1628013580531  \"  >\n                                        <div class=\"wppb-column\">\n\t\t\t\t\t\n\t\t\t\t\t\t\t\t\t\t\t\n                                            <div class=\"wppb-builder-addons\">\n\t\t\t\t\t\t\t\t\t\t\t\t<div class='wppb-builder-addon wppb-widget-1628010599014 wppb-addon-1628010599014'  data-addon-id='1628010599014'><div class='wppb-widget'><nav class=\"menu-4-container\" aria-label=\"Menu\"><ul id=\"menu-4\" class=\"menu\"><li id=\"menu-item-441\" class=\"menu-item menu-item-type-post_type menu-item-object-page menu-item-has-children menu-item-441\"><a href=\"https:\/\/barrososemminas.org\/2022\/extras-2\/\">EXTRAS<\/a>\n<ul class=\"sub-menu\">\n\t<li id=\"menu-item-443\" class=\"menu-item menu-item-type-post_type menu-item-object-page menu-item-443\"><a href=\"https:\/\/barrososemminas.org\/2022\/extras-2\/ilustracao\/\">Material para divulga\u00e7\u00e3o<\/a><\/li>\n\t<li id=\"menu-item-482\" class=\"menu-item menu-item-type-post_type menu-item-object-page menu-item-482\"><a href=\"https:\/\/barrososemminas.org\/2022\/mencoes-na-imprensa\/\">Men\u00e7\u00f5es na Imprensa<\/a><\/li>\n<\/ul>\n<\/li>\n<li id=\"menu-item-444\" class=\"menu-item menu-item-type-post_type menu-item-object-page menu-item-444\"><a href=\"https:\/\/barrososemminas.org\/2022\/acampada\/contacta-nos\/\">CONTACTA-NOS<\/a><\/li>\n<\/ul><\/nav><\/div><\/div>                                            <\/div>\n                                        <\/div>\n                                    <\/div>\n\t\t\t\t\t\t\t\t\t                        <\/div>\n\n                    <\/div>\n                <\/div>\n\t\t\t\t                <div  class=\"wppb-row-parent  wppb-row-1628182840290 \"  >\n\t\t\t\t\t\n\t\t\t\t\t\t\t\t\t\t\n\t\t\t\t\t\t\t\t\t\t\n\t\t\t\t\t<div class=\"wppb-container \">\n\t\t\t\t\t\t\t\t\t\t\t\t\t\n                        <div class=\"wppb-row\">\n\t\t\t\t\t\t\t                                    <div  class=\"wppb-column-parent wppb-column-parent-view wppb-col-1628182840291  \"  >\n                                        <div class=\"wppb-column\">\n\t\t\t\t\t\n\t\t\t\t\t\t\t\t\t\t\t\n                                            <div class=\"wppb-builder-addons\">\n\t\t\t\t\t\t\t\t\t\t\t\t<div class='wppb-builder-addon wppb-addon-1628182840292'  data-addon-id='1628182840292'><div class='wppb-addon'><div class=\"wppb-icon-addon\"><div class=\"wppb-icon-content\"><span class=\"wppb-icon-inner\"><a  href=\"https:\/\/social.coletivos.org\/@barrososemminas\" target=_blank><i class=\"fab fa-mastodon\"><\/i><\/a><\/span><\/div><\/div><\/div><\/div><div class='wppb-builder-addon wppb-addon-1628182840293'  data-addon-id='1628182840293'><div class='wppb-addon'><div class=\"wppb-raw-html-addon\"><div class=\"wppb-raw-html-content\"><p><\/p>\n<a href=\"https:\/\/social.coletivos.org\/@barrososemminas\">Mastodon<\/a><\/div><\/div><\/div><\/div>                                            <\/div>\n                                        <\/div>\n                                    <\/div>\n\t\t\t\t\t\t\t\t\t                                    <div  class=\"wppb-column-parent wppb-column-parent-view wppb-col-1628182840294  \"  >\n                                        <div class=\"wppb-column\">\n\t\t\t\t\t\n\t\t\t\t\t\t\t\t\t\t\t\n                                            <div class=\"wppb-builder-addons\">\n\t\t\t\t\t\t\t\t\t\t\t\t<div class='wppb-builder-addon wppb-addon-1628182840295'  data-addon-id='1628182840295'><div class='wppb-addon'><div class=\"wppb-icon-addon\"><div class=\"wppb-icon-content\"><span class=\"wppb-icon-inner\"><a  href=\"https:\/\/instagram.com\/barrososemminas?utm_medium=copy_link\" ><i class=\"fab fa-instagram\"><\/i><\/a><\/span><\/div><\/div><\/div><\/div><div class='wppb-builder-addon wppb-addon-1628182840296'  data-addon-id='1628182840296'><div class='wppb-addon'><div class=\"wppb-raw-html-addon\"><div class=\"wppb-raw-html-content\"><p><\/p>\n<a href=\"https:\/\/instagram.com\/barrososemminas?utm_medium=copy_link\">Instagram<\/a><\/div><\/div><\/div><\/div>                                            <\/div>\n                                        <\/div>\n                                    <\/div>\n\t\t\t\t\t\t\t\t\t                                    <div  class=\"wppb-column-parent wppb-column-parent-view wppb-col-1628182840297  \"  >\n                                        <div class=\"wppb-column\">\n\t\t\t\t\t\n\t\t\t\t\t\t\t\t\t\t\t\n                                            <div class=\"wppb-builder-addons\">\n\t\t\t\t\t\t\t\t\t\t\t\t<div class='wppb-builder-addon wppb-addon-1628182840298'  data-addon-id='1628182840298'><div class='wppb-addon'><div class=\"wppb-image-addon\"><figure class=\"wppb-image-addon-content-wrap\"><div class=\"wppb-image-addon-content wppb-imginlineblock\"><img class=\"wppb-image-addon-img\" src=\"https:\/\/barrososemminas.org\/2022\/wp-content\/uploads\/2021\/08\/peertube.png\" alt=\"Peertube\"><\/div><\/figure><\/div><\/div><\/div><div class='wppb-builder-addon wppb-addon-1628182840299'  data-addon-id='1628182840299'><div class='wppb-addon'><div class=\"wppb-raw-html-addon\"><div class=\"wppb-raw-html-content\"><p><\/p>\n<a href=\"https:\/\/videos.coletivos.org\/video-channels\/acampada\/videos\">Peertube<\/a><\/div><\/div><\/div><\/div>                                            <\/div>\n                                        <\/div>\n                                    <\/div>\n\t\t\t\t\t\t\t\t\t                                    <div  class=\"wppb-column-parent wppb-column-parent-view wppb-col-1628182840300  \"  >\n                                        <div class=\"wppb-column\">\n\t\t\t\t\t\n\t\t\t\t\t\t\t\t\t\t\t\n                                            <div class=\"wppb-builder-addons\">\n\t\t\t\t\t\t\t\t\t\t\t\t<div class='wppb-builder-addon wppb-addon-1628182840301'  data-addon-id='1628182840301'><div class='wppb-addon'><div class=\"wppb-icon-addon\"><div class=\"wppb-icon-content\"><span class=\"wppb-icon-inner\"><a  href=\"https:\/\/www.facebook.com\/acampamentoemdefesadobarroso\/\" ><i class=\"fab fa-facebook\"><\/i><\/a><\/span><\/div><\/div><\/div><\/div><div class='wppb-builder-addon wppb-addon-1628182840302'  data-addon-id='1628182840302'><div class='wppb-addon'><div class=\"wppb-raw-html-addon\"><div class=\"wppb-raw-html-content\"><p><\/p>\n<a href=\"https:\/\/www.facebook.com\/acampamentoemdefesadobarroso\/\">Facebook<\/a><\/div><\/div><\/div><\/div>                                            <\/div>\n                                        <\/div>\n                                    <\/div>\n\t\t\t\t\t\t\t\t\t                        <\/div>\n\n                    <\/div>\n                <\/div>\n\t\t\t\t<\/div>","protected":false},"excerpt":{"rendered":"<p>ACAMPADA Manifesto Acampada 2021 COMO PARTICIPAR Como chegar Donativos COLETIVOS Do Barroso Amigos EXTRAS Material para divulga\u00e7\u00e3o Men\u00e7\u00f5es na Imprensa CONTACTA-NOS Mastodon Instagram Peertube Facebook<\/p>\n","protected":false},"author":1,"featured_media":0,"parent":25,"menu_order":23,"comment_status":"closed","ping_status":"closed","template":"wppb_theme_template","meta":[],"_links":{"self":[{"href":"https:\/\/barrososemminas.org\/2022\/wp-json\/wp\/v2\/pages\/339"}],"collection":[{"href":"https:\/\/barrososemminas.org\/2022\/wp-json\/wp\/v2\/pages"}],"about":[{"href":"https:\/\/barrososemminas.org\/2022\/wp-json\/wp\/v2\/types\/page"}],"author":[{"embeddable":true,"href":"https:\/\/barrososemminas.org\/2022\/wp-json\/wp\/v2\/users\/1"}],"replies":[{"embeddable":true,"href":"https:\/\/barrososemminas.org\/2022\/wp-json\/wp\/v2\/comments?post=339"}],"version-history":[{"count":1,"href":"https:\/\/barrososemminas.org\/2022\/wp-json\/wp\/v2\/pages\/339\/revisions"}],"predecessor-version":[{"id":340,"href":"https:\/\/barrososemminas.org\/2022\/wp-json\/wp\/v2\/pages\/339\/revisions\/340"}],"up":[{"embeddable":true,"href":"https:\/\/barrososemminas.org\/2022\/wp-json\/wp\/v2\/pages\/25"}],"wp:attachment":[{"href":"https:\/\/barrososemminas.org\/2022\/wp-json\/wp\/v2\/media?parent=339"}],"curies":[{"name":"wp","href":"https:\/\/api.w.org\/{rel}","templated":true}]}}