{"id":49,"date":"2021-07-15T21:44:04","date_gmt":"2021-07-15T21:44:04","guid":{"rendered":"https:\/\/barrososemminas.org\/2021\/?page_id=49"},"modified":"2021-07-27T12:17:58","modified_gmt":"2021-07-27T12:17:58","slug":"donativos","status":"publish","type":"page","link":"https:\/\/barrososemminas.org\/2021\/apoiar\/donativos\/","title":{"rendered":"Donativos"},"content":{"rendered":"<div id=\"wppb-builder-container\" class=\"wppb-builder-container\">                <div  class=\"wppb-row-parent  wppb-row-1627388375460 \"  >\n\t\t\t\t\t\n\t\t\t\t\t\t\t\t\t\t\n\t\t\t\t\t\t\t\t\t\t\n\t\t\t\t\t<div class=\"wppb-container \">\n\t\t\t\t\t\t\t\t\t\t\t\t\t\n                        <div class=\"wppb-row\">\n\t\t\t\t\t\t\t                                    <div  class=\"wppb-column-parent wppb-column-parent-view wppb-col-1627388375459  \"  >\n                                        <div class=\"wppb-column\">\n\t\t\t\t\t\n\t\t\t\t\t\t\t\t\t\t\t\n                                            <div class=\"wppb-builder-addons\">\n\t\t\t\t\t\t\t\t\t\t\t\t<div class='wppb-builder-addon wppb-addon-1627388874651'  data-addon-id='1627388874651'><div class='wppb-addon'><div class=\"wppb-headline-addon\"><div class=\"wppb-headline-content\"><h2 class=\"wppb-addon-title\">Donativos<\/h2><\/div><\/div><\/div><\/div>                                            <\/div>\n                                        <\/div>\n                                    <\/div>\n\t\t\t\t\t\t\t\t\t                        <\/div>\n\n                    <\/div>\n                <\/div>\n\t\t\t\t                <div  class=\"wppb-row-parent  wppb-row-1627388375492 \"  >\n\t\t\t\t\t\n\t\t\t\t\t\t\t\t\t\t\n\t\t\t\t\t\t\t\t\t\t\n\t\t\t\t\t<div class=\"wppb-container \">\n\t\t\t\t\t\t\t\t\t\t\t\t\t\n                        <div class=\"wppb-row\">\n\t\t\t\t\t\t\t                                    <div  class=\"wppb-column-parent wppb-column-parent-view wppb-col-1627388375491  \"  >\n                                        <div class=\"wppb-column\">\n\t\t\t\t\t\n\t\t\t\t\t\t\t\t\t\t\t\n                                            <div class=\"wppb-builder-addons\">\n\t\t\t\t\t\t\t\t\t\t\t\t<div class='wppb-builder-addon wppb-widget-1627388908571 wppb-addon-1627388908571'  data-addon-id='1627388908571'><div class='wppb-widget'>\t\t\t<div class=\"textwidget\"><p>Este evento \u00e9 organizado por pessoas e colectivos independentes, em modo de voluntariado.\u00a0Todos os donativos ser\u00e3o investidos directamente no melhoramento do evento. Toda a ajuda \u00e9 bem-vinda!<\/p>\n<p>Para fazer donativo, faz transfer\u00eancia para esta conta:<\/p>\n<p><strong><span id=\"\\&quot;B_tlCO\\&quot;\" class=\"\\&quot;vallabel\\&quot;\"><label>IBAN: <\/label><span class=\"\\&quot;lbl\\&quot;\">PT50 0045 2201 40311035882 49<br \/>\n<\/span><\/span><\/strong><\/p>\n<div class=\"module-message__text module-message__text--incoming\" dir=\"auto\">NOME: ASSOCIA\u00c7\u00c3O UNIDOS EM DEFESA DE COVAS DO\u00a0BARROSO<\/div>\n<div class=\"module-message__metadata module-message__metadata--incoming\"><\/div>\n<p>E envia o comprovativo da transfer\u00eancia para :<\/p>\n<p><strong>barrososemminas@coletivos.org<\/strong><\/p>\n<p>&nbsp;<\/p>\n<p>Agradecemos!<\/p>\n<\/div>\n\t\t<\/div><\/div>                                            <\/div>\n                                        <\/div>\n                                    <\/div>\n\t\t\t\t\t\t\t\t\t                        <\/div>\n\n                    <\/div>\n                <\/div>\n\t\t\t\t                <div id=\"footer\" class=\"wppb-row-parent  wppb-row-1628013462554 \"  >\n\t\t\t\t\t\n\t\t\t\t\t                        <div class=\"wppb-shape-container wppb-top-shape\">\n\t\t\t\t\t\t\t<svg xmlns=\"http:\/\/www.w3.org\/2000\/svg\" viewBox=\"0 0 1000 100\" preserveAspectRatio=\"none\">\n    <path d=\"M0,6V0H1000V100Z\" transform=\"translate(0 0)\"\/>\n<\/svg>\t\t\t\t\t\t<\/div>\n\t\t\t\t\t\t\t\t\t\t\n\t\t\t\t\t\t\t\t\t\t\n\t\t\t\t\t<div class=\"wppb-container \">\n\t\t\t\t\t\t\t\t\t\t\t\t\t\n                        <div class=\"wppb-row\">\n\t\t\t\t\t\t\t                                    <div  class=\"wppb-column-parent wppb-column-parent-view wppb-col-1628013462555  \"  >\n                                        <div class=\"wppb-column\">\n\t\t\t\t\t\n\t\t\t\t\t\t\t\t\t\t\t\n                                            <div class=\"wppb-builder-addons\">\n\t\t\t\t\t\t\t\t\t\t\t\t<div class='wppb-builder-addon wppb-widget-1628010577180 wppb-addon-1628010577180'  data-addon-id='1628010577180'><div class='wppb-widget'><nav class=\"menu-1-container\" aria-label=\"Menu\"><ul id=\"menu-1\" class=\"menu\"><li id=\"menu-item-426\" class=\"menu-item menu-item-type-post_type menu-item-object-page menu-item-has-children menu-item-426\"><a href=\"https:\/\/barrososemminas.org\/2021\/acampada\/\">ACAMPADA<\/a>\n<ul class=\"sub-menu\">\n\t<li id=\"menu-item-427\" class=\"menu-item menu-item-type-post_type menu-item-object-page menu-item-home menu-item-427\"><a href=\"https:\/\/barrososemminas.org\/2021\/\">Manifesto<\/a><\/li>\n\t<li id=\"menu-item-428\" class=\"menu-item menu-item-type-post_type menu-item-object-page menu-item-428\"><a href=\"https:\/\/barrososemminas.org\/2021\/acampada\/agenda\/\">Agenda<\/a><\/li>\n\t<li id=\"menu-item-431\" class=\"menu-item menu-item-type-post_type menu-item-object-page menu-item-431\"><a href=\"https:\/\/barrososemminas.org\/2021\/?page_id=41\">Sobre o Barroso<\/a><\/li>\n\t<li id=\"menu-item-430\" class=\"menu-item menu-item-type-post_type menu-item-object-page menu-item-430\"><a href=\"https:\/\/barrososemminas.org\/2021\/acampada\/covid-19-consenso\/\">COVID-19 \u2013 CONSENSO<\/a><\/li>\n<\/ul>\n<\/li>\n<\/ul><\/nav><\/div><\/div>                                            <\/div>\n                                        <\/div>\n                                    <\/div>\n\t\t\t\t\t\t\t\t\t                                    <div  class=\"wppb-column-parent wppb-column-parent-view wppb-col-1628013462557  \"  >\n                                        <div class=\"wppb-column\">\n\t\t\t\t\t\n\t\t\t\t\t\t\t\t\t\t\t\n                                            <div class=\"wppb-builder-addons\">\n\t\t\t\t\t\t\t\t\t\t\t\t<div class='wppb-builder-addon wppb-widget-1628010589973 wppb-addon-1628010589973'  data-addon-id='1628010589973'><div class='wppb-widget'><nav class=\"menu-2-container\" aria-label=\"Menu\"><ul id=\"menu-2\" class=\"menu\"><li id=\"menu-item-432\" class=\"menu-item menu-item-type-post_type menu-item-object-page menu-item-has-children menu-item-432\"><a href=\"https:\/\/barrososemminas.org\/2021\/apoiar\/\">APOIAR<\/a>\n<ul class=\"sub-menu\">\n\t<li id=\"menu-item-433\" class=\"menu-item menu-item-type-post_type menu-item-object-page menu-item-433\"><a href=\"https:\/\/barrososemminas.org\/2021\/apoiar\/inscreve-te\/\">Inscreve-te<\/a><\/li>\n\t<li id=\"menu-item-434\" class=\"menu-item menu-item-type-post_type menu-item-object-page menu-item-434\"><a href=\"https:\/\/barrososemminas.org\/2021\/apoiar\/como-chegar\/\">Como chegar<\/a><\/li>\n\t<li id=\"menu-item-436\" class=\"menu-item menu-item-type-post_type menu-item-object-page menu-item-436\"><a href=\"https:\/\/barrososemminas.org\/2021\/bicicletada-contra-as-minas-2021-em-defesa-do-barroso\/\">Vem de Bicicleta!<\/a><\/li>\n\t<li id=\"menu-item-435\" class=\"menu-item menu-item-type-post_type menu-item-object-page menu-item-435\"><a href=\"https:\/\/barrososemminas.org\/2021\/apoiar\/donativos\/\">Donativos<\/a><\/li>\n<\/ul>\n<\/li>\n<\/ul><\/nav><\/div><\/div>                                            <\/div>\n                                        <\/div>\n                                    <\/div>\n\t\t\t\t\t\t\t\t\t                                    <div  class=\"wppb-column-parent wppb-column-parent-view wppb-col-1628013462559  \"  >\n                                        <div class=\"wppb-column\">\n\t\t\t\t\t\n\t\t\t\t\t\t\t\t\t\t\t\n                                            <div class=\"wppb-builder-addons\">\n\t\t\t\t\t\t\t\t\t\t\t\t<div class='wppb-builder-addon wppb-widget-1628010290301 wppb-addon-1628010290301'  data-addon-id='1628010290301'><div class='wppb-widget'><nav class=\"menu-3-container\" aria-label=\"Menu\"><ul id=\"menu-3\" class=\"menu\"><li id=\"menu-item-437\" class=\"menu-item menu-item-type-post_type menu-item-object-page current_page_parent menu-item-437\"><a href=\"https:\/\/barrososemminas.org\/2021\/blog\/\">NOVIDADES<\/a><\/li>\n<li id=\"menu-item-438\" class=\"menu-item menu-item-type-post_type menu-item-object-page menu-item-has-children menu-item-438\"><a href=\"https:\/\/barrososemminas.org\/2021\/coletivos\/\">COLETIVOS<\/a>\n<ul class=\"sub-menu\">\n\t<li id=\"menu-item-439\" class=\"menu-item menu-item-type-post_type menu-item-object-page menu-item-439\"><a href=\"https:\/\/barrososemminas.org\/2021\/coletivos\/amigos\/\">Amigos<\/a><\/li>\n\t<li id=\"menu-item-440\" class=\"menu-item menu-item-type-post_type menu-item-object-page menu-item-440\"><a href=\"https:\/\/barrososemminas.org\/2021\/coletivos\/locais\/\">Do Barroso<\/a><\/li>\n<\/ul>\n<\/li>\n<\/ul><\/nav><\/div><\/div>                                            <\/div>\n                                        <\/div>\n                                    <\/div>\n\t\t\t\t\t\t\t\t\t                                    <div  class=\"wppb-column-parent wppb-column-parent-view wppb-col-1628013462561  \"  >\n                                        <div class=\"wppb-column\">\n\t\t\t\t\t\n\t\t\t\t\t\t\t\t\t\t\t\n                                            <div class=\"wppb-builder-addons\">\n\t\t\t\t\t\t\t\t\t\t\t\t<div class='wppb-builder-addon wppb-widget-1628010599014 wppb-addon-1628010599014'  data-addon-id='1628010599014'><div class='wppb-widget'><nav class=\"menu-4-container\" aria-label=\"Menu\"><ul id=\"menu-4\" class=\"menu\"><li id=\"menu-item-441\" class=\"menu-item menu-item-type-post_type menu-item-object-page menu-item-has-children menu-item-441\"><a href=\"https:\/\/barrososemminas.org\/2021\/extras-2\/\">EXTRAS<\/a>\n<ul class=\"sub-menu\">\n\t<li id=\"menu-item-442\" class=\"menu-item menu-item-type-post_type menu-item-object-page menu-item-442\"><a href=\"https:\/\/barrososemminas.org\/2021\/extras-2\/comunicados-de-imprensa\/\">Comunicados de Imprensa<\/a><\/li>\n\t<li id=\"menu-item-443\" class=\"menu-item menu-item-type-post_type menu-item-object-page menu-item-443\"><a href=\"https:\/\/barrososemminas.org\/2021\/extras-2\/ilustracao\/\">Material para divulga\u00e7\u00e3o<\/a><\/li>\n\t<li id=\"menu-item-482\" class=\"menu-item menu-item-type-post_type menu-item-object-page menu-item-482\"><a href=\"https:\/\/barrososemminas.org\/2021\/mencoes-na-imprensa\/\">Men\u00e7\u00f5es na Imprensa<\/a><\/li>\n<\/ul>\n<\/li>\n<li id=\"menu-item-444\" class=\"menu-item menu-item-type-post_type menu-item-object-page menu-item-444\"><a href=\"https:\/\/barrososemminas.org\/2021\/acampada\/contacta-nos\/\">CONTACTA-NOS<\/a><\/li>\n<\/ul><\/nav><\/div><\/div>                                            <\/div>\n                                        <\/div>\n                                    <\/div>\n\t\t\t\t\t\t\t\t\t                        <\/div>\n\n                    <\/div>\n                <\/div>\n\t\t\t\t                <div  class=\"wppb-row-parent  wppb-row-1628182746894 \"  >\n\t\t\t\t\t\n\t\t\t\t\t\t\t\t\t\t\n\t\t\t\t\t\t\t\t\t\t\n\t\t\t\t\t<div class=\"wppb-container \">\n\t\t\t\t\t\t\t\t\t\t\t\t\t\n                        <div class=\"wppb-row\">\n\t\t\t\t\t\t\t                                    <div  class=\"wppb-column-parent wppb-column-parent-view wppb-col-1628182746895  \"  >\n                                        <div class=\"wppb-column\">\n\t\t\t\t\t\n\t\t\t\t\t\t\t\t\t\t\t\n                                            <div class=\"wppb-builder-addons\">\n\t\t\t\t\t\t\t\t\t\t\t\t<div class='wppb-builder-addon wppb-addon-1628182746896'  data-addon-id='1628182746896'><div class='wppb-addon'><div class=\"wppb-icon-addon\"><div class=\"wppb-icon-content\"><span class=\"wppb-icon-inner\"><a  href=\"https:\/\/social.coletivos.org\/@barrososemminas\" target=_blank><i class=\"fab fa-mastodon\"><\/i><\/a><\/span><\/div><\/div><\/div><\/div><div class='wppb-builder-addon wppb-addon-1628182746897'  data-addon-id='1628182746897'><div class='wppb-addon'><div class=\"wppb-raw-html-addon\"><div class=\"wppb-raw-html-content\"><p><\/p>\n<a href=\"https:\/\/social.coletivos.org\/@barrososemminas\">Mastodon<\/a><\/div><\/div><\/div><\/div>                                            <\/div>\n                                        <\/div>\n                                    <\/div>\n\t\t\t\t\t\t\t\t\t                                    <div  class=\"wppb-column-parent wppb-column-parent-view wppb-col-1628182746898  \"  >\n                                        <div class=\"wppb-column\">\n\t\t\t\t\t\n\t\t\t\t\t\t\t\t\t\t\t\n                                            <div class=\"wppb-builder-addons\">\n\t\t\t\t\t\t\t\t\t\t\t\t<div class='wppb-builder-addon wppb-addon-1628182746899'  data-addon-id='1628182746899'><div class='wppb-addon'><div class=\"wppb-icon-addon\"><div class=\"wppb-icon-content\"><span class=\"wppb-icon-inner\"><a  href=\"https:\/\/instagram.com\/barrososemminas?utm_medium=copy_link\" ><i class=\"fab fa-instagram\"><\/i><\/a><\/span><\/div><\/div><\/div><\/div><div class='wppb-builder-addon wppb-addon-1628182746900'  data-addon-id='1628182746900'><div class='wppb-addon'><div class=\"wppb-raw-html-addon\"><div class=\"wppb-raw-html-content\"><p><\/p>\n<a href=\"https:\/\/instagram.com\/barrososemminas?utm_medium=copy_link\">Instagram<\/a><\/div><\/div><\/div><\/div>                                            <\/div>\n                                        <\/div>\n                                    <\/div>\n\t\t\t\t\t\t\t\t\t                                    <div  class=\"wppb-column-parent wppb-column-parent-view wppb-col-1628182746901  \"  >\n                                        <div class=\"wppb-column\">\n\t\t\t\t\t\n\t\t\t\t\t\t\t\t\t\t\t\n                                            <div class=\"wppb-builder-addons\">\n\t\t\t\t\t\t\t\t\t\t\t\t<div class='wppb-builder-addon wppb-addon-1628182746902'  data-addon-id='1628182746902'><div class='wppb-addon'><div class=\"wppb-image-addon\"><figure class=\"wppb-image-addon-content-wrap\"><div class=\"wppb-image-addon-content wppb-imginlineblock\"><img class=\"wppb-image-addon-img\" src=\"https:\/\/barrososemminas.org\/2021\/wp-content\/uploads\/2021\/08\/peertube.png\" alt=\"Peertube\"><\/div><\/figure><\/div><\/div><\/div><div class='wppb-builder-addon wppb-addon-1628182746903'  data-addon-id='1628182746903'><div class='wppb-addon'><div class=\"wppb-raw-html-addon\"><div class=\"wppb-raw-html-content\"><p><\/p>\n<a href=\"https:\/\/videos.coletivos.org\/video-channels\/acampada\/videos\">Peertube<\/a><\/div><\/div><\/div><\/div>                                            <\/div>\n                                        <\/div>\n                                    <\/div>\n\t\t\t\t\t\t\t\t\t                                    <div  class=\"wppb-column-parent wppb-column-parent-view wppb-col-1628182746904  \"  >\n                                        <div class=\"wppb-column\">\n\t\t\t\t\t\n\t\t\t\t\t\t\t\t\t\t\t\n                                            <div class=\"wppb-builder-addons\">\n\t\t\t\t\t\t\t\t\t\t\t\t<div class='wppb-builder-addon wppb-addon-1628182746905'  data-addon-id='1628182746905'><div class='wppb-addon'><div class=\"wppb-icon-addon\"><div class=\"wppb-icon-content\"><span class=\"wppb-icon-inner\"><a  href=\"https:\/\/www.facebook.com\/acampamentoemdefesadobarroso\/\" ><i class=\"fab fa-facebook\"><\/i><\/a><\/span><\/div><\/div><\/div><\/div><div class='wppb-builder-addon wppb-addon-1628182746906'  data-addon-id='1628182746906'><div class='wppb-addon'><div class=\"wppb-raw-html-addon\"><div class=\"wppb-raw-html-content\"><p><\/p>\n<a href=\"https:\/\/www.facebook.com\/acampamentoemdefesadobarroso\/\">Facebook<\/a><\/div><\/div><\/div><\/div>                                            <\/div>\n                                        <\/div>\n                                    <\/div>\n\t\t\t\t\t\t\t\t\t                        <\/div>\n\n                    <\/div>\n                <\/div>\n\t\t\t\t<\/div>","protected":false},"excerpt":{"rendered":"<p>Donativos Este evento \u00e9 organizado por pessoas e colectivos independentes, em modo de voluntariado.\u00a0Todos os donativos ser\u00e3o investidos directamente no melhoramento do evento. Toda a ajuda \u00e9 bem-vinda! Para fazer donativo, faz transfer\u00eancia para esta conta: IBAN: PT50 0045 2201 40311035882 49 NOME: ASSOCIA\u00c7\u00c3O UNIDOS EM DEFESA DE COVAS DO\u00a0BARROSO E envia o comprovativo da &hellip; <\/p>\n<p class=\"link-more\"><a href=\"https:\/\/barrososemminas.org\/2021\/apoiar\/donativos\/\" class=\"more-link\">Continue reading<span class=\"screen-reader-text\"> &#8220;Donativos&#8221;<\/span><\/a><\/p>\n","protected":false},"author":1,"featured_media":0,"parent":27,"menu_order":21,"comment_status":"closed","ping_status":"closed","template":"wppb_theme_template","meta":[],"_links":{"self":[{"href":"https:\/\/barrososemminas.org\/2021\/wp-json\/wp\/v2\/pages\/49"}],"collection":[{"href":"https:\/\/barrososemminas.org\/2021\/wp-json\/wp\/v2\/pages"}],"about":[{"href":"https:\/\/barrososemminas.org\/2021\/wp-json\/wp\/v2\/types\/page"}],"author":[{"embeddable":true,"href":"https:\/\/barrososemminas.org\/2021\/wp-json\/wp\/v2\/users\/1"}],"replies":[{"embeddable":true,"href":"https:\/\/barrososemminas.org\/2021\/wp-json\/wp\/v2\/comments?post=49"}],"version-history":[{"count":1,"href":"https:\/\/barrososemminas.org\/2021\/wp-json\/wp\/v2\/pages\/49\/revisions"}],"predecessor-version":[{"id":50,"href":"https:\/\/barrososemminas.org\/2021\/wp-json\/wp\/v2\/pages\/49\/revisions\/50"}],"up":[{"embeddable":true,"href":"https:\/\/barrososemminas.org\/2021\/wp-json\/wp\/v2\/pages\/27"}],"wp:attachment":[{"href":"https:\/\/barrososemminas.org\/2021\/wp-json\/wp\/v2\/media?parent=49"}],"curies":[{"name":"wp","href":"https:\/\/api.w.org\/{rel}","templated":true}]}}