{"id":330,"date":"2021-07-23T22:09:02","date_gmt":"2021-07-23T22:09:02","guid":{"rendered":"https:\/\/barrososemminas.org\/2021\/?page_id=330"},"modified":"2021-07-23T22:09:03","modified_gmt":"2021-07-23T22:09:03","slug":"covid-19-consenso","status":"publish","type":"page","link":"https:\/\/barrososemminas.org\/2021\/acampada\/covid-19-consenso\/","title":{"rendered":"COVID-19 &#8211; CONSENSO"},"content":{"rendered":"<div id=\"wppb-builder-container\" class=\"wppb-builder-container\">                <div  class=\"wppb-row-parent  wppb-row-1627078633194 \"  >\n\t\t\t\t\t\n\t\t\t\t\t\t\t\t\t\t\n\t\t\t\t\t\t\t\t\t\t\n\t\t\t\t\t<div class=\"wppb-container \">\n\t\t\t\t\t\t\t\t\t\t\t\t\t\n                        <div class=\"wppb-row\">\n\t\t\t\t\t\t\t                                    <div  class=\"wppb-column-parent wppb-column-parent-view wppb-col-1627078633193  \"  >\n                                        <div class=\"wppb-column\">\n\t\t\t\t\t\n\t\t\t\t\t\t\t\t\t\t\t\n                                            <div class=\"wppb-builder-addons\">\n\t\t\t\t\t\t\t\t\t\t\t\t<div class='wppb-builder-addon wppb-addon-1627078425531'  data-addon-id='1627078425531'><div class='wppb-addon'><div class=\"wppb-text-block-addon\"><div class=\"wppb-text-block-content 0\"><h2 id=\"magicdomid162\" class=\"ace-line\"><span class=\"author-a-z86zz122z7rz75zz84zz81zhz66zz73zz72zs6z68z3o\">Acordo de cuidado e preven\u00e7\u00e3o da COVID-19<\/span><\/h2><div class=\"ace-line\"><span class=\"author-a-z86zz122z7rz75zz84zz81zhz66zz73zz72zs6z68z3o\">A pandemia que vivemos dispensa apresenta\u00e7\u00f5es. Felizmente, o concelho de Boticas e a freguesia de Covas teve, at\u00e9 ao dia de hoje, muito poucos casos, e assim queremos que se mantenha. Tamb\u00e9m desejamos que saias do acampamento sem cont\u00e1gio!<\/span><\/div><div>\u00a0<\/div><div id=\"magicdomid165\" class=\"ace-line\"><span class=\"author-a-z86zz122z7rz75zz84zz81zhz66zz73zz72zs6z68z3o\">Uma vez que esperamos um n\u00famero relativamente elevado de participantes no acampamento, ach\u00e1mos importante delinear um acordo de cuidado e preven\u00e7\u00e3o da COVID-19 para os dias que estaremos juntas. Esse acordo passa por te comprometeres com as seguintes regras:<\/span><\/div><div id=\"magicdomid166\" class=\"ace-line\"><span class=\"author-a-z86zz122z7rz75zz84zz81zhz66zz73zz72zs6z68z3o\">\u00a0\u00a0\u00a0\u00a0<\/span><\/div><div id=\"magicdomid167\" class=\"ace-line\"><span class=\"author-a-z86zz122z7rz75zz84zz81zhz66zz73zz72zs6z68z3o\">1. Cuidares, sempre, das pessoas \u00e0 tua volta, evitando pr\u00e1ticas que possam coloc\u00e1-las em risco. Usar sempre a m\u00e1scara em espa\u00e7os fechados e nos espa\u00e7os abertos onde existam aglomera\u00e7\u00f5es. Ao caminhar pelo meio da aldeia, usar sempre a m\u00e1scara.<\/span><\/div><div id=\"magicdomid168\" class=\"ace-line\">\u00a0<\/div><div id=\"magicdomid169\" class=\"ace-line\"><span class=\"author-a-z86zz122z7rz75zz84zz81zhz66zz73zz72zs6z68z3o\">2. Utilizares com alguma frequ\u00eancia o \u00e1lcool gel disponibilizado no recinto do acampamento.<\/span><\/div><div id=\"magicdomid170\" class=\"ace-line\">\u00a0<\/div><div id=\"magicdomid171\" class=\"ace-line\"><span class=\"author-a-z86zz122z7rz75zz84zz81zhz66zz73zz72zs6z68z3o\">3. Realizares um teste nas 24 horas pr\u00e9vias \u00e0 tua chegada a Covas do Barroso. Pode ser um teste PCR, ou um teste de antig\u00e9nio, realizado numa farm\u00e1cia ou em modo autoteste (pode ser adquirido em farm\u00e1cias e supermercados a partir de 3\u20ac). Ap\u00f3s realizares o teste, envia-nos uma fotografia com o resultado para o e-mail: barroso@coletivos.org.<\/span><\/div><div id=\"magicdomid172\" class=\"ace-line\">\u00a0<\/div><div id=\"magicdomid173\" class=\"ace-line\"><span class=\"author-a-z86zz122z7rz75zz84zz81zhz66zz73zz72zs6z68z3o\">Porque n\u00e3o realizamos o teste \u00e0 entrada? Simplesmente porque ser\u00e1 dif\u00edcil para uma pessoa com resultado positivo regressar a casa, especialmente se vem de transportes p\u00fablicos.<\/span><\/div><div id=\"magicdomid174\" class=\"ace-line\">\u00a0<\/div><div id=\"magicdomid175\" class=\"ace-line\"><span class=\"author-a-z86zz122z7rz75zz84zz81zhz66zz73zz72zs6z68z3o\">Fa\u00e7amos do cuidado, da corresponsabiliza\u00e7\u00e3o e da confian\u00e7a os nossos princ\u00edpios.<\/span><\/div><\/div><\/div><\/div><\/div>                                            <\/div>\n                                        <\/div>\n                                    <\/div>\n\t\t\t\t\t\t\t\t\t                        <\/div>\n\n                    <\/div>\n                <\/div>\n\t\t\t\t                <div id=\"footer\" class=\"wppb-row-parent  wppb-row-1628011423495 \"  >\n\t\t\t\t\t\n\t\t\t\t\t                        <div class=\"wppb-shape-container wppb-top-shape\">\n\t\t\t\t\t\t\t<svg xmlns=\"http:\/\/www.w3.org\/2000\/svg\" viewBox=\"0 0 1000 100\" preserveAspectRatio=\"none\">\n    <path d=\"M0,6V0H1000V100Z\" transform=\"translate(0 0)\"\/>\n<\/svg>\t\t\t\t\t\t<\/div>\n\t\t\t\t\t\t\t\t\t\t\n\t\t\t\t\t\t\t\t\t\t\n\t\t\t\t\t<div class=\"wppb-container \">\n\t\t\t\t\t\t\t\t\t\t\t\t\t\n                        <div class=\"wppb-row\">\n\t\t\t\t\t\t\t                                    <div  class=\"wppb-column-parent wppb-column-parent-view wppb-col-1628011423496  \"  >\n                                        <div class=\"wppb-column\">\n\t\t\t\t\t\n\t\t\t\t\t\t\t\t\t\t\t\n                                            <div class=\"wppb-builder-addons\">\n\t\t\t\t\t\t\t\t\t\t\t\t<div class='wppb-builder-addon wppb-widget-1628010577180 wppb-addon-1628010577180'  data-addon-id='1628010577180'><div class='wppb-widget'><nav class=\"menu-1-container\" aria-label=\"Menu\"><ul id=\"menu-1\" class=\"menu\"><li id=\"menu-item-426\" class=\"menu-item menu-item-type-post_type menu-item-object-page menu-item-has-children menu-item-426\"><a href=\"https:\/\/barrososemminas.org\/2021\/acampada\/\">ACAMPADA<\/a>\n<ul class=\"sub-menu\">\n\t<li id=\"menu-item-427\" class=\"menu-item menu-item-type-post_type menu-item-object-page menu-item-home menu-item-427\"><a href=\"https:\/\/barrososemminas.org\/2021\/\">Manifesto<\/a><\/li>\n\t<li id=\"menu-item-428\" class=\"menu-item menu-item-type-post_type menu-item-object-page menu-item-428\"><a href=\"https:\/\/barrososemminas.org\/2021\/acampada\/agenda\/\">Agenda<\/a><\/li>\n\t<li id=\"menu-item-431\" class=\"menu-item menu-item-type-post_type menu-item-object-page menu-item-431\"><a href=\"https:\/\/barrososemminas.org\/2021\/?page_id=41\">Sobre o Barroso<\/a><\/li>\n\t<li id=\"menu-item-430\" class=\"menu-item menu-item-type-post_type menu-item-object-page menu-item-430\"><a href=\"https:\/\/barrososemminas.org\/2021\/acampada\/covid-19-consenso\/\">COVID-19 \u2013 CONSENSO<\/a><\/li>\n<\/ul>\n<\/li>\n<\/ul><\/nav><\/div><\/div>                                            <\/div>\n                                        <\/div>\n                                    <\/div>\n\t\t\t\t\t\t\t\t\t                                    <div  class=\"wppb-column-parent wppb-column-parent-view wppb-col-1628011423498  \"  >\n                                        <div class=\"wppb-column\">\n\t\t\t\t\t\n\t\t\t\t\t\t\t\t\t\t\t\n                                            <div class=\"wppb-builder-addons\">\n\t\t\t\t\t\t\t\t\t\t\t\t<div class='wppb-builder-addon wppb-widget-1628010589973 wppb-addon-1628010589973'  data-addon-id='1628010589973'><div class='wppb-widget'><nav class=\"menu-2-container\" aria-label=\"Menu\"><ul id=\"menu-2\" class=\"menu\"><li id=\"menu-item-432\" class=\"menu-item menu-item-type-post_type menu-item-object-page menu-item-has-children menu-item-432\"><a href=\"https:\/\/barrososemminas.org\/2021\/apoiar\/\">APOIAR<\/a>\n<ul class=\"sub-menu\">\n\t<li id=\"menu-item-433\" class=\"menu-item menu-item-type-post_type menu-item-object-page menu-item-433\"><a href=\"https:\/\/barrososemminas.org\/2021\/apoiar\/inscreve-te\/\">Inscreve-te<\/a><\/li>\n\t<li id=\"menu-item-434\" class=\"menu-item menu-item-type-post_type menu-item-object-page menu-item-434\"><a href=\"https:\/\/barrososemminas.org\/2021\/apoiar\/como-chegar\/\">Como chegar<\/a><\/li>\n\t<li id=\"menu-item-436\" class=\"menu-item menu-item-type-post_type menu-item-object-page menu-item-436\"><a href=\"https:\/\/barrososemminas.org\/2021\/bicicletada-contra-as-minas-2021-em-defesa-do-barroso\/\">Vem de Bicicleta!<\/a><\/li>\n\t<li id=\"menu-item-435\" class=\"menu-item menu-item-type-post_type menu-item-object-page menu-item-435\"><a href=\"https:\/\/barrososemminas.org\/2021\/apoiar\/donativos\/\">Donativos<\/a><\/li>\n<\/ul>\n<\/li>\n<\/ul><\/nav><\/div><\/div>                                            <\/div>\n                                        <\/div>\n                                    <\/div>\n\t\t\t\t\t\t\t\t\t                                    <div  class=\"wppb-column-parent wppb-column-parent-view wppb-col-1628011423500  \"  >\n                                        <div class=\"wppb-column\">\n\t\t\t\t\t\n\t\t\t\t\t\t\t\t\t\t\t\n                                            <div class=\"wppb-builder-addons\">\n\t\t\t\t\t\t\t\t\t\t\t\t<div class='wppb-builder-addon wppb-widget-1628010290301 wppb-addon-1628010290301'  data-addon-id='1628010290301'><div class='wppb-widget'><nav class=\"menu-3-container\" aria-label=\"Menu\"><ul id=\"menu-3\" class=\"menu\"><li id=\"menu-item-437\" class=\"menu-item menu-item-type-post_type menu-item-object-page current_page_parent menu-item-437\"><a href=\"https:\/\/barrososemminas.org\/2021\/blog\/\">NOVIDADES<\/a><\/li>\n<li id=\"menu-item-438\" class=\"menu-item menu-item-type-post_type menu-item-object-page menu-item-has-children menu-item-438\"><a href=\"https:\/\/barrososemminas.org\/2021\/coletivos\/\">COLETIVOS<\/a>\n<ul class=\"sub-menu\">\n\t<li id=\"menu-item-439\" class=\"menu-item menu-item-type-post_type menu-item-object-page menu-item-439\"><a href=\"https:\/\/barrososemminas.org\/2021\/coletivos\/amigos\/\">Amigos<\/a><\/li>\n\t<li id=\"menu-item-440\" class=\"menu-item menu-item-type-post_type menu-item-object-page menu-item-440\"><a href=\"https:\/\/barrososemminas.org\/2021\/coletivos\/locais\/\">Do Barroso<\/a><\/li>\n<\/ul>\n<\/li>\n<\/ul><\/nav><\/div><\/div>                                            <\/div>\n                                        <\/div>\n                                    <\/div>\n\t\t\t\t\t\t\t\t\t                                    <div  class=\"wppb-column-parent wppb-column-parent-view wppb-col-1628011423502  \"  >\n                                        <div class=\"wppb-column\">\n\t\t\t\t\t\n\t\t\t\t\t\t\t\t\t\t\t\n                                            <div class=\"wppb-builder-addons\">\n\t\t\t\t\t\t\t\t\t\t\t\t<div class='wppb-builder-addon wppb-widget-1628010599014 wppb-addon-1628010599014'  data-addon-id='1628010599014'><div class='wppb-widget'><nav class=\"menu-4-container\" aria-label=\"Menu\"><ul id=\"menu-4\" class=\"menu\"><li id=\"menu-item-441\" class=\"menu-item menu-item-type-post_type menu-item-object-page menu-item-has-children menu-item-441\"><a href=\"https:\/\/barrososemminas.org\/2021\/extras-2\/\">EXTRAS<\/a>\n<ul class=\"sub-menu\">\n\t<li id=\"menu-item-442\" class=\"menu-item menu-item-type-post_type menu-item-object-page menu-item-442\"><a href=\"https:\/\/barrososemminas.org\/2021\/extras-2\/comunicados-de-imprensa\/\">Comunicados de Imprensa<\/a><\/li>\n\t<li id=\"menu-item-443\" class=\"menu-item menu-item-type-post_type menu-item-object-page menu-item-443\"><a href=\"https:\/\/barrososemminas.org\/2021\/extras-2\/ilustracao\/\">Material para divulga\u00e7\u00e3o<\/a><\/li>\n\t<li id=\"menu-item-482\" class=\"menu-item menu-item-type-post_type menu-item-object-page menu-item-482\"><a href=\"https:\/\/barrososemminas.org\/2021\/mencoes-na-imprensa\/\">Men\u00e7\u00f5es na Imprensa<\/a><\/li>\n<\/ul>\n<\/li>\n<li id=\"menu-item-444\" class=\"menu-item menu-item-type-post_type menu-item-object-page menu-item-444\"><a href=\"https:\/\/barrososemminas.org\/2021\/acampada\/contacta-nos\/\">CONTACTA-NOS<\/a><\/li>\n<\/ul><\/nav><\/div><\/div>                                            <\/div>\n                                        <\/div>\n                                    <\/div>\n\t\t\t\t\t\t\t\t\t                        <\/div>\n\n                    <\/div>\n                <\/div>\n\t\t\t\t                <div  class=\"wppb-row-parent  wppb-row-1628181267684 \"  >\n\t\t\t\t\t\n\t\t\t\t\t\t\t\t\t\t\n\t\t\t\t\t\t\t\t\t\t\n\t\t\t\t\t<div class=\"wppb-container \">\n\t\t\t\t\t\t\t\t\t\t\t\t\t\n                        <div class=\"wppb-row\">\n\t\t\t\t\t\t\t                                    <div  class=\"wppb-column-parent wppb-column-parent-view wppb-col-1628181267685  \"  >\n                                        <div class=\"wppb-column\">\n\t\t\t\t\t\n\t\t\t\t\t\t\t\t\t\t\t\n                                            <div class=\"wppb-builder-addons\">\n\t\t\t\t\t\t\t\t\t\t\t\t<div class='wppb-builder-addon wppb-addon-1628181267686'  data-addon-id='1628181267686'><div class='wppb-addon'><div class=\"wppb-icon-addon\"><div class=\"wppb-icon-content\"><span class=\"wppb-icon-inner\"><a  href=\"https:\/\/social.coletivos.org\/@barrososemminas\" target=_blank><i class=\"fab fa-mastodon\"><\/i><\/a><\/span><\/div><\/div><\/div><\/div><div class='wppb-builder-addon wppb-addon-1628181267687'  data-addon-id='1628181267687'><div class='wppb-addon'><div class=\"wppb-raw-html-addon\"><div class=\"wppb-raw-html-content\"><p><\/p>\n<a href=\"https:\/\/social.coletivos.org\/@barrososemminas\">Mastodon<\/a><\/div><\/div><\/div><\/div>                                            <\/div>\n                                        <\/div>\n                                    <\/div>\n\t\t\t\t\t\t\t\t\t                                    <div  class=\"wppb-column-parent wppb-column-parent-view wppb-col-1628181267688  \"  >\n                                        <div class=\"wppb-column\">\n\t\t\t\t\t\n\t\t\t\t\t\t\t\t\t\t\t\n                                            <div class=\"wppb-builder-addons\">\n\t\t\t\t\t\t\t\t\t\t\t\t<div class='wppb-builder-addon wppb-addon-1628181267689'  data-addon-id='1628181267689'><div class='wppb-addon'><div class=\"wppb-icon-addon\"><div class=\"wppb-icon-content\"><span class=\"wppb-icon-inner\"><a  href=\"https:\/\/instagram.com\/barrososemminas?utm_medium=copy_link\" ><i class=\"fab fa-instagram\"><\/i><\/a><\/span><\/div><\/div><\/div><\/div><div class='wppb-builder-addon wppb-addon-1628181267690'  data-addon-id='1628181267690'><div class='wppb-addon'><div class=\"wppb-raw-html-addon\"><div class=\"wppb-raw-html-content\"><p><\/p>\n<a href=\"https:\/\/instagram.com\/barrososemminas?utm_medium=copy_link\">Instagram<\/a><\/div><\/div><\/div><\/div>                                            <\/div>\n                                        <\/div>\n                                    <\/div>\n\t\t\t\t\t\t\t\t\t                                    <div  class=\"wppb-column-parent wppb-column-parent-view wppb-col-1628181267691  \"  >\n                                        <div class=\"wppb-column\">\n\t\t\t\t\t\n\t\t\t\t\t\t\t\t\t\t\t\n                                            <div class=\"wppb-builder-addons\">\n\t\t\t\t\t\t\t\t\t\t\t\t<div class='wppb-builder-addon wppb-addon-1628181267692'  data-addon-id='1628181267692'><div class='wppb-addon'><div class=\"wppb-image-addon\"><figure class=\"wppb-image-addon-content-wrap\"><div class=\"wppb-image-addon-content wppb-imginlineblock\"><img class=\"wppb-image-addon-img\" src=\"https:\/\/barrososemminas.org\/2021\/wp-content\/uploads\/2021\/08\/peertube.png\" alt=\"Peertube\"><\/div><\/figure><\/div><\/div><\/div><div class='wppb-builder-addon wppb-addon-1628181267693'  data-addon-id='1628181267693'><div class='wppb-addon'><div class=\"wppb-raw-html-addon\"><div class=\"wppb-raw-html-content\"><p><\/p>\n<a href=\"https:\/\/videos.coletivos.org\/video-channels\/acampada\/videos\">Peertube<\/a><\/div><\/div><\/div><\/div>                                            <\/div>\n                                        <\/div>\n                                    <\/div>\n\t\t\t\t\t\t\t\t\t                                    <div  class=\"wppb-column-parent wppb-column-parent-view wppb-col-1628181267694  \"  >\n                                        <div class=\"wppb-column\">\n\t\t\t\t\t\n\t\t\t\t\t\t\t\t\t\t\t\n                                            <div class=\"wppb-builder-addons\">\n\t\t\t\t\t\t\t\t\t\t\t\t<div class='wppb-builder-addon wppb-addon-1628181267695'  data-addon-id='1628181267695'><div class='wppb-addon'><div class=\"wppb-icon-addon\"><div class=\"wppb-icon-content\"><span class=\"wppb-icon-inner\"><a  href=\"https:\/\/www.facebook.com\/acampamentoemdefesadobarroso\/\" ><i class=\"fab fa-facebook\"><\/i><\/a><\/span><\/div><\/div><\/div><\/div><div class='wppb-builder-addon wppb-addon-1628181267696'  data-addon-id='1628181267696'><div class='wppb-addon'><div class=\"wppb-raw-html-addon\"><div class=\"wppb-raw-html-content\"><p><\/p>\n<a href=\"https:\/\/www.facebook.com\/acampamentoemdefesadobarroso\/\">Facebook<\/a><\/div><\/div><\/div><\/div>                                            <\/div>\n                                        <\/div>\n                                    <\/div>\n\t\t\t\t\t\t\t\t\t                        <\/div>\n\n                    <\/div>\n                <\/div>\n\t\t\t\t<\/div>","protected":false},"excerpt":{"rendered":"<p>Acordo de cuidado e preven\u00e7\u00e3o da COVID-19A pandemia que vivemos dispensa apresenta\u00e7\u00f5es. Felizmente, o concelho de Boticas e a freguesia de Covas teve, at\u00e9 ao dia de hoje, muito poucos casos, e assim queremos que se mantenha. Tamb\u00e9m desejamos que saias do acampamento sem cont\u00e1gio!\u00a0Uma vez que esperamos um n\u00famero relativamente elevado de participantes no &hellip; <\/p>\n<p class=\"link-more\"><a href=\"https:\/\/barrososemminas.org\/2021\/acampada\/covid-19-consenso\/\" class=\"more-link\">Continue reading<span class=\"screen-reader-text\"> &#8220;COVID-19 &#8211; CONSENSO&#8221;<\/span><\/a><\/p>\n","protected":false},"author":1,"featured_media":0,"parent":25,"menu_order":24,"comment_status":"closed","ping_status":"closed","template":"wppb_theme_template","meta":[],"_links":{"self":[{"href":"https:\/\/barrososemminas.org\/2021\/wp-json\/wp\/v2\/pages\/330"}],"collection":[{"href":"https:\/\/barrososemminas.org\/2021\/wp-json\/wp\/v2\/pages"}],"about":[{"href":"https:\/\/barrososemminas.org\/2021\/wp-json\/wp\/v2\/types\/page"}],"author":[{"embeddable":true,"href":"https:\/\/barrososemminas.org\/2021\/wp-json\/wp\/v2\/users\/1"}],"replies":[{"embeddable":true,"href":"https:\/\/barrososemminas.org\/2021\/wp-json\/wp\/v2\/comments?post=330"}],"version-history":[{"count":1,"href":"https:\/\/barrososemminas.org\/2021\/wp-json\/wp\/v2\/pages\/330\/revisions"}],"predecessor-version":[{"id":331,"href":"https:\/\/barrososemminas.org\/2021\/wp-json\/wp\/v2\/pages\/330\/revisions\/331"}],"up":[{"embeddable":true,"href":"https:\/\/barrososemminas.org\/2021\/wp-json\/wp\/v2\/pages\/25"}],"wp:attachment":[{"href":"https:\/\/barrososemminas.org\/2021\/wp-json\/wp\/v2\/media?parent=330"}],"curies":[{"name":"wp","href":"https:\/\/api.w.org\/{rel}","templated":true}]}}