{"id":230,"date":"2021-07-21T15:30:03","date_gmt":"2021-07-21T15:30:03","guid":{"rendered":"https:\/\/barrososemminas.org\/2021\/?page_id=230"},"modified":"2021-08-03T16:29:11","modified_gmt":"2021-08-03T16:29:11","slug":"manifesto-francais","status":"publish","type":"page","link":"https:\/\/barrososemminas.org\/2021\/fr\/manifesto-francais\/","title":{"rendered":"Manifesto &#8211; Fran\u00e7ais"},"content":{"rendered":"<div id=\"wppb-builder-container\" class=\"wppb-builder-container\">                <div  class=\"wppb-row-parent \"  >\n\t\t\t\t\t\n\t\t\t\t\t\t\t\t\t\t\n\t\t\t\t\t\t\t\t\t\t\n\t\t\t\t\t<div class=\"wppb-container  wppb-row-1627999981566  wppb-container-row-default\">\n\t\t\t\t\t\t\t\t\t\t\t\t\t\n                        <div class=\"wppb-row\">\n\t\t\t\t\t\t\t                                    <div  class=\"wppb-column-parent wppb-column-parent-view wppb-col-1627999981567  \"  >\n                                        <div class=\"wppb-column\">\n\t\t\t\t\t\n\t\t\t\t\t\t\t\t\t\t\t\n                                            <div class=\"wppb-builder-addons\">\n\t\t\t\t\t\t\t\t\t\t\t\t<div class='wppb-builder-addon wppb-addon-1627999981568'  data-addon-id='1627999981568'><div class='wppb-addon'><div class=\"wppb-text-block-addon\"><\/div><\/div><\/div>                                            <\/div>\n                                        <\/div>\n                                    <\/div>\n\t\t\t\t\t\t\t\t\t                                    <div  class=\"wppb-column-parent wppb-column-parent-view wppb-col-1627999981569  \"  >\n                                        <div class=\"wppb-column\">\n\t\t\t\t\t\n\t\t\t\t\t\t\t\t\t\t\t\n                                            <div class=\"wppb-builder-addons\">\n\t\t\t\t\t\t\t\t\t\t\t\t<div class='wppb-builder-addon wppb-addon-1627999981570'  data-addon-id='1627999981570'><div class='wppb-addon'><div class=\"wppb-text-block-addon\"><\/div><\/div><\/div><div class='wppb-builder-addon wppb-addon-1627999981571'  data-addon-id='1627999981571'><div class='wppb-addon'><div class=\"wppb-raw-html-addon\"><div class=\"wppb-raw-html-content\"><div class=\"lang_manifest\">\n<p>\n<a href=\"\/\">Portugu\u00eas\/Galego<\/a> \n\n<a href=\"\/es\/manifesto-castellano\/\">Castellano<\/a>\n\n<a href=\"\/en\/manifesto-english\/\">English<\/a>\n\n<a href=\"\/de\/manifesto-deutsch\/\">Deutsch<\/a>\n<a href=\"\/es\/manifesto-francais\/\">Fran\u00e7ais<\/a>\n\n<\/p><\/div><\/div><\/div><\/div><\/div><div class='wppb-builder-addon wppb-addon-1627999981572'  data-addon-id='1627999981572'><div class='wppb-addon'><div class=\"wppb-text-block-addon\"><\/div><\/div><\/div><div class='wppb-builder-addon wppb-addon-1627999981573'  data-addon-id='1627999981573'><div class='wppb-addon'><div class=\"wppb-text-block-addon\"><div class=\"wppb-text-block-content 0\"><h1 style=\"text-align: center\">Camp en d\u00e9fense du Barroso<\/h1><h3 style=\"text-align: center\"><strong>Non aux mines, oui \u00e0 la vie ! <\/strong><\/h3><p>La mine de Savannah est le projet d\u2019extraction de min\u00e9raux de lithium le plus avanc\u00e9 au Portugal. C\u2019est la premi\u00e8re de plusieurs mine que l\u2019\u00c9tat Portugais a l\u2019intention de d\u00e9velopper, certaines ici dans la r\u00e9gion du Barroso, mais aussi dans d\u2019autres parties du pays. Bient\u00f4t, si l\u2019Agence portugaise de l\u2019Environnement [APA] donne un avis favorable au d\u00e9veloppement du projet, quels que soient les impacts n\u00e9gatifs qu\u2019il portera, \u00e7a ouvrira la porte \u00e0 la destruction de plusieurs territoires.<\/p><p>Nous sommes dans un combat in\u00e9gal et nous le savons. Parfois, nous nous sentons impuissants face aux desseins du pouvoir politique et \u00e9conomique et nous avons le sentiment que notre voix est \u00e9touff\u00e9e et n\u2019a aucune force pour se faire entendre. Mais nous pensons que gr\u00e2ce \u00e0 la solidarit\u00e9 et au soutien mutuel, nous pouvons contrer ce sentiment. Joignez votre voix \u00e0 la n\u00f4tre jusqu\u2019\u00e0 ce que le cri assourdi le pouvoir qui insiste \u00e0 ne pas nous entendre.<\/p><p>Savannah Resources a son si\u00e8ge social au Royaume-Uni et est cot\u00e9e sur l\u2019Alternative Investment Market (AIM), un sous-march\u00e9 de la Bourse de Londres pour les petites entreprises. Elle a des liens privil\u00e9gi\u00e9s avec des groupes d\u2019int\u00e9r\u00eat de l\u2019Union Europ\u00e9enne et du gouvernement portugais, dans le cadre de l\u2019Alliance Europ\u00e9enne pour les Batteries, un lobby de l\u2019industrie automobile au sein de la Commission europ\u00e9enne. Dans l\u2019autre mine qu\u2019elle entend d\u00e9velopper au Mozambique, Savannah s\u2019est associ\u00e9e \u00e0 Rio Tinto, une soci\u00e9t\u00e9 mini\u00e8re responsable de plusieurs attaques environnementales et sociales.<\/p><p>Bien qu\u2019elle soit pr\u00e9sent\u00e9e comme faisant partie de la solution \u00e0 la mobilit\u00e9 durable au niveau europ\u00e9en, la mine de Savannah poursuit une logique d\u2019extraction qui nous prive de terres, met en p\u00e9ril les moyens de subsistance, aggrave la qualit\u00e9 de vie et aggrave encore le probl\u00e8me de d\u00e9stabilisation auquel nous sommes confront\u00e9s. Elle menace \u00e9galement la classification du Patrimoine Agricole Mondial dont nous sommes si fi\u00e8r.e.s en tant que peuple Barros\u00e3o. Et, comme si cela ne suffisait pas, elle met toujours en danger les populations vivant sur les rives des fleuves Be\u00e7a, T\u00e2mega et Douro.<\/p><p>Nous devons agir, et nous devons le faire ensemble\u00a0! Les gens de Barroso, les gens d\u2019autres territoires menac\u00e9s, au Portugal et dans le monde, et tous ceux qui veulent sympathiser avec cette lutte. Nous vous invitons \u00e0 camper \u00e0 Covas do Barroso, entre le 14 et le 18 ao\u00fbt 2021. Nous campons pour faire conna\u00eetre notre lutte et notre mode de vie, afin que nous puissions partager et apprendre des exp\u00e9riences d\u2019ailleurs. Pour qu\u2019ensemble, nous puissions organiser des actions futures. Rejoignez-nous\u00a0!<\/p><p><strong>Bienvenue au Barroso\u00a0!<\/strong><\/p><p>\u00a0<\/p><\/div><\/div><\/div><\/div><div class='wppb-builder-addon wppb-addon-1628018042436'  data-addon-id='1628018042436'><div class='wppb-addon'><div class=\"wppb-button-group-addon\"><div class=\"wppb-button-addon-content\"><div class=\"wppb-button-group repeater-0\"><a  href=\"https:\/\/barrososemminas.org\/2021\/acampada\/agenda\/\" target=_self class=\"wppb-btn-addons  wppb-btn-custom wppb-btn-square wppb-btn-standard\">Agenda<\/a><\/div><div class=\"wppb-button-group repeater-1\"><a  href=\"https:\/\/barrososemminas.org\/2021\/apoiar\/inscreve-te\/\" target=_self class=\"wppb-btn-addons  wppb-btn-custom wppb-btn-square wppb-btn-standard\"><i class=\"fas fa-cog\"><\/i> Inscripicion<\/a><\/div><div class=\"wppb-button-group repeater-2\"><a  href=\"https:\/\/barrososemminas.org\/2021\/apoiar\/donativos\/\" target=_self class=\"wppb-btn-addons  wppb-btn-custom wppb-btn-square wppb-btn-standard\"><i class=\"far fa-heart\"><\/i> Donate<\/a><\/div><\/div><\/div><\/div><\/div><div class='wppb-builder-addon wppb-addon-1627999981574'  data-addon-id='1627999981574'><div class='wppb-addon'><div class=\"wppb-text-block-addon\"><div class=\"wppb-text-block-content 0\"><p>\u00a0<\/p><p>\u00a0<\/p><\/div><\/div><\/div><\/div>                                            <\/div>\n                                        <\/div>\n                                    <\/div>\n\t\t\t\t\t\t\t\t\t                                    <div  class=\"wppb-column-parent wppb-column-parent-view wppb-col-1627999981575  \"  >\n                                        <div class=\"wppb-column\">\n\t\t\t\t\t\n\t\t\t\t\t\t\t\t\t\t\t\n                                            <div class=\"wppb-builder-addons\">\n\t\t\t\t\t\t\t\t\t\t\t\t<div class='wppb-builder-addon wppb-addon-1627999981576'  data-addon-id='1627999981576'><div class='wppb-addon'><div class=\"wppb-text-block-addon\"><\/div><\/div><\/div>                                            <\/div>\n                                        <\/div>\n                                    <\/div>\n\t\t\t\t\t\t\t\t\t                        <\/div>\n\n                    <\/div>\n                <\/div>\n\t\t\t\t                <div id=\"footer\" class=\"wppb-row-parent  wppb-row-1628018042425 \"  >\n\t\t\t\t\t\n\t\t\t\t\t                        <div class=\"wppb-shape-container wppb-top-shape\">\n\t\t\t\t\t\t\t<svg xmlns=\"http:\/\/www.w3.org\/2000\/svg\" viewBox=\"0 0 1000 100\" preserveAspectRatio=\"none\">\n    <path d=\"M0,6V0H1000V100Z\" transform=\"translate(0 0)\"\/>\n<\/svg>\t\t\t\t\t\t<\/div>\n\t\t\t\t\t\t\t\t\t\t\n\t\t\t\t\t\t\t\t\t\t\n\t\t\t\t\t<div class=\"wppb-container \">\n\t\t\t\t\t\t\t\t\t\t\t\t\t\n                        <div class=\"wppb-row\">\n\t\t\t\t\t\t\t                                    <div  class=\"wppb-column-parent wppb-column-parent-view wppb-col-1628018042426  \"  >\n                                        <div class=\"wppb-column\">\n\t\t\t\t\t\n\t\t\t\t\t\t\t\t\t\t\t\n                                            <div class=\"wppb-builder-addons\">\n\t\t\t\t\t\t\t\t\t\t\t\t<div class='wppb-builder-addon wppb-widget-1628010577180 wppb-addon-1628010577180'  data-addon-id='1628010577180'><div class='wppb-widget'><nav class=\"menu-1-container\" aria-label=\"Menu\"><ul id=\"menu-1\" class=\"menu\"><li id=\"menu-item-426\" class=\"menu-item menu-item-type-post_type menu-item-object-page menu-item-has-children menu-item-426\"><a href=\"https:\/\/barrososemminas.org\/2021\/acampada\/\">ACAMPADA<\/a>\n<ul class=\"sub-menu\">\n\t<li id=\"menu-item-427\" class=\"menu-item menu-item-type-post_type menu-item-object-page menu-item-home menu-item-427\"><a href=\"https:\/\/barrososemminas.org\/2021\/\">Manifesto<\/a><\/li>\n\t<li id=\"menu-item-428\" class=\"menu-item menu-item-type-post_type menu-item-object-page menu-item-428\"><a href=\"https:\/\/barrososemminas.org\/2021\/acampada\/agenda\/\">Agenda<\/a><\/li>\n\t<li id=\"menu-item-431\" class=\"menu-item menu-item-type-post_type menu-item-object-page menu-item-431\"><a href=\"https:\/\/barrososemminas.org\/2021\/?page_id=41\">Sobre o Barroso<\/a><\/li>\n\t<li id=\"menu-item-430\" class=\"menu-item menu-item-type-post_type menu-item-object-page menu-item-430\"><a href=\"https:\/\/barrososemminas.org\/2021\/acampada\/covid-19-consenso\/\">COVID-19 \u2013 CONSENSO<\/a><\/li>\n<\/ul>\n<\/li>\n<\/ul><\/nav><\/div><\/div>                                            <\/div>\n                                        <\/div>\n                                    <\/div>\n\t\t\t\t\t\t\t\t\t                                    <div  class=\"wppb-column-parent wppb-column-parent-view wppb-col-1628018042428  \"  >\n                                        <div class=\"wppb-column\">\n\t\t\t\t\t\n\t\t\t\t\t\t\t\t\t\t\t\n                                            <div class=\"wppb-builder-addons\">\n\t\t\t\t\t\t\t\t\t\t\t\t<div class='wppb-builder-addon wppb-widget-1628010589973 wppb-addon-1628010589973'  data-addon-id='1628010589973'><div class='wppb-widget'><nav class=\"menu-2-container\" aria-label=\"Menu\"><ul id=\"menu-2\" class=\"menu\"><li id=\"menu-item-432\" class=\"menu-item menu-item-type-post_type menu-item-object-page menu-item-has-children menu-item-432\"><a href=\"https:\/\/barrososemminas.org\/2021\/apoiar\/\">APOIAR<\/a>\n<ul class=\"sub-menu\">\n\t<li id=\"menu-item-433\" class=\"menu-item menu-item-type-post_type menu-item-object-page menu-item-433\"><a href=\"https:\/\/barrososemminas.org\/2021\/apoiar\/inscreve-te\/\">Inscreve-te<\/a><\/li>\n\t<li id=\"menu-item-434\" class=\"menu-item menu-item-type-post_type menu-item-object-page menu-item-434\"><a href=\"https:\/\/barrososemminas.org\/2021\/apoiar\/como-chegar\/\">Como chegar<\/a><\/li>\n\t<li id=\"menu-item-436\" class=\"menu-item menu-item-type-post_type menu-item-object-page menu-item-436\"><a href=\"https:\/\/barrososemminas.org\/2021\/bicicletada-contra-as-minas-2021-em-defesa-do-barroso\/\">Vem de Bicicleta!<\/a><\/li>\n\t<li id=\"menu-item-435\" class=\"menu-item menu-item-type-post_type menu-item-object-page menu-item-435\"><a href=\"https:\/\/barrososemminas.org\/2021\/apoiar\/donativos\/\">Donativos<\/a><\/li>\n<\/ul>\n<\/li>\n<\/ul><\/nav><\/div><\/div>                                            <\/div>\n                                        <\/div>\n                                    <\/div>\n\t\t\t\t\t\t\t\t\t                                    <div  class=\"wppb-column-parent wppb-column-parent-view wppb-col-1628018042430  \"  >\n                                        <div class=\"wppb-column\">\n\t\t\t\t\t\n\t\t\t\t\t\t\t\t\t\t\t\n                                            <div class=\"wppb-builder-addons\">\n\t\t\t\t\t\t\t\t\t\t\t\t<div class='wppb-builder-addon wppb-widget-1628010290301 wppb-addon-1628010290301'  data-addon-id='1628010290301'><div class='wppb-widget'><nav class=\"menu-3-container\" aria-label=\"Menu\"><ul id=\"menu-3\" class=\"menu\"><li id=\"menu-item-437\" class=\"menu-item menu-item-type-post_type menu-item-object-page current_page_parent menu-item-437\"><a href=\"https:\/\/barrososemminas.org\/2021\/blog\/\">NOVIDADES<\/a><\/li>\n<li id=\"menu-item-438\" class=\"menu-item menu-item-type-post_type menu-item-object-page menu-item-has-children menu-item-438\"><a href=\"https:\/\/barrososemminas.org\/2021\/coletivos\/\">COLETIVOS<\/a>\n<ul class=\"sub-menu\">\n\t<li id=\"menu-item-439\" class=\"menu-item menu-item-type-post_type menu-item-object-page menu-item-439\"><a href=\"https:\/\/barrososemminas.org\/2021\/coletivos\/amigos\/\">Amigos<\/a><\/li>\n\t<li id=\"menu-item-440\" class=\"menu-item menu-item-type-post_type menu-item-object-page menu-item-440\"><a href=\"https:\/\/barrososemminas.org\/2021\/coletivos\/locais\/\">Do Barroso<\/a><\/li>\n<\/ul>\n<\/li>\n<\/ul><\/nav><\/div><\/div>                                            <\/div>\n                                        <\/div>\n                                    <\/div>\n\t\t\t\t\t\t\t\t\t                                    <div  class=\"wppb-column-parent wppb-column-parent-view wppb-col-1628018042432  \"  >\n                                        <div class=\"wppb-column\">\n\t\t\t\t\t\n\t\t\t\t\t\t\t\t\t\t\t\n                                            <div class=\"wppb-builder-addons\">\n\t\t\t\t\t\t\t\t\t\t\t\t<div class='wppb-builder-addon wppb-widget-1628010599014 wppb-addon-1628010599014'  data-addon-id='1628010599014'><div class='wppb-widget'><nav class=\"menu-4-container\" aria-label=\"Menu\"><ul id=\"menu-4\" class=\"menu\"><li id=\"menu-item-441\" class=\"menu-item menu-item-type-post_type menu-item-object-page menu-item-has-children menu-item-441\"><a href=\"https:\/\/barrososemminas.org\/2021\/extras-2\/\">EXTRAS<\/a>\n<ul class=\"sub-menu\">\n\t<li id=\"menu-item-442\" class=\"menu-item menu-item-type-post_type menu-item-object-page menu-item-442\"><a href=\"https:\/\/barrososemminas.org\/2021\/extras-2\/comunicados-de-imprensa\/\">Comunicados de Imprensa<\/a><\/li>\n\t<li id=\"menu-item-443\" class=\"menu-item menu-item-type-post_type menu-item-object-page menu-item-443\"><a href=\"https:\/\/barrososemminas.org\/2021\/extras-2\/ilustracao\/\">Material para divulga\u00e7\u00e3o<\/a><\/li>\n\t<li id=\"menu-item-482\" class=\"menu-item menu-item-type-post_type menu-item-object-page menu-item-482\"><a href=\"https:\/\/barrososemminas.org\/2021\/mencoes-na-imprensa\/\">Men\u00e7\u00f5es na Imprensa<\/a><\/li>\n<\/ul>\n<\/li>\n<li id=\"menu-item-444\" class=\"menu-item menu-item-type-post_type menu-item-object-page menu-item-444\"><a href=\"https:\/\/barrososemminas.org\/2021\/acampada\/contacta-nos\/\">CONTACTA-NOS<\/a><\/li>\n<\/ul><\/nav><\/div><\/div>                                            <\/div>\n                                        <\/div>\n                                    <\/div>\n\t\t\t\t\t\t\t\t\t                        <\/div>\n\n                    <\/div>\n                <\/div>\n\t\t\t\t<\/div>","protected":false},"excerpt":{"rendered":"<p>Portugu\u00eas\/Galego Castellano English Deutsch Fran\u00e7ais Camp en d\u00e9fense du BarrosoNon aux mines, oui \u00e0 la vie ! La mine de Savannah est le projet d\u2019extraction de min\u00e9raux de lithium le plus avanc\u00e9 au Portugal. C\u2019est la premi\u00e8re de plusieurs mine que l\u2019\u00c9tat Portugais a l\u2019intention de d\u00e9velopper, certaines ici dans la r\u00e9gion du Barroso, mais &hellip; <\/p>\n<p class=\"link-more\"><a href=\"https:\/\/barrososemminas.org\/2021\/fr\/manifesto-francais\/\" class=\"more-link\">Continue reading<span class=\"screen-reader-text\"> &#8220;Manifesto &#8211; Fran\u00e7ais&#8221;<\/span><\/a><\/p>\n","protected":false},"author":1,"featured_media":0,"parent":0,"menu_order":5,"comment_status":"closed","ping_status":"closed","template":"wppb_theme_template","meta":[],"_links":{"self":[{"href":"https:\/\/barrososemminas.org\/2021\/wp-json\/wp\/v2\/pages\/230"}],"collection":[{"href":"https:\/\/barrososemminas.org\/2021\/wp-json\/wp\/v2\/pages"}],"about":[{"href":"https:\/\/barrososemminas.org\/2021\/wp-json\/wp\/v2\/types\/page"}],"author":[{"embeddable":true,"href":"https:\/\/barrososemminas.org\/2021\/wp-json\/wp\/v2\/users\/1"}],"replies":[{"embeddable":true,"href":"https:\/\/barrososemminas.org\/2021\/wp-json\/wp\/v2\/comments?post=230"}],"version-history":[{"count":1,"href":"https:\/\/barrososemminas.org\/2021\/wp-json\/wp\/v2\/pages\/230\/revisions"}],"predecessor-version":[{"id":231,"href":"https:\/\/barrososemminas.org\/2021\/wp-json\/wp\/v2\/pages\/230\/revisions\/231"}],"wp:attachment":[{"href":"https:\/\/barrososemminas.org\/2021\/wp-json\/wp\/v2\/media?parent=230"}],"curies":[{"name":"wp","href":"https:\/\/api.w.org\/{rel}","templated":true}]}}