{"id":219,"date":"2021-07-20T20:13:21","date_gmt":"2021-07-20T20:13:21","guid":{"rendered":"https:\/\/barrososemminas.org\/2021\/manifesto-english\/"},"modified":"2021-07-21T15:57:56","modified_gmt":"2021-07-21T15:57:56","slug":"manifesto-english","status":"publish","type":"page","link":"https:\/\/barrososemminas.org\/2021\/en\/manifesto-english\/","title":{"rendered":"Manifesto &#8211; English"},"content":{"rendered":"<div id=\"wppb-builder-container\" class=\"wppb-builder-container\">                <div  class=\"wppb-row-parent \"  >\n\t\t\t\t\t\n\t\t\t\t\t\t\t\t\t\t\n\t\t\t\t\t\t\t\t\t\t\n\t\t\t\t\t<div class=\"wppb-container  wppb-row-1627999944019  wppb-container-row-default\">\n\t\t\t\t\t\t\t\t\t\t\t\t\t\n                        <div class=\"wppb-row\">\n\t\t\t\t\t\t\t                                    <div  class=\"wppb-column-parent wppb-column-parent-view wppb-col-1627999944020  \"  >\n                                        <div class=\"wppb-column\">\n\t\t\t\t\t\n\t\t\t\t\t\t\t\t\t\t\t\n                                            <div class=\"wppb-builder-addons\">\n\t\t\t\t\t\t\t\t\t\t\t\t<div class='wppb-builder-addon wppb-addon-1627999944021'  data-addon-id='1627999944021'><div class='wppb-addon'><div class=\"wppb-text-block-addon\"><\/div><\/div><\/div>                                            <\/div>\n                                        <\/div>\n                                    <\/div>\n\t\t\t\t\t\t\t\t\t                                    <div  class=\"wppb-column-parent wppb-column-parent-view wppb-col-1627999944022  \"  >\n                                        <div class=\"wppb-column\">\n\t\t\t\t\t\n\t\t\t\t\t\t\t\t\t\t\t\n                                            <div class=\"wppb-builder-addons\">\n\t\t\t\t\t\t\t\t\t\t\t\t<div class='wppb-builder-addon wppb-addon-1627999944023'  data-addon-id='1627999944023'><div class='wppb-addon'><div class=\"wppb-text-block-addon\"><\/div><\/div><\/div><div class='wppb-builder-addon wppb-addon-1627999944024'  data-addon-id='1627999944024'><div class='wppb-addon'><div class=\"wppb-raw-html-addon\"><div class=\"wppb-raw-html-content\"><div class=\"lang_manifest\">\n<p>\n<a href=\"\/\">Portugu\u00eas\/Galego<\/a> \n\n<a href=\"\/es\/manifesto-castellano\/\">Castellano<\/a>\n\n<a href=\"\/en\/manifesto-english\/\">English<\/a>\n\n<a href=\"\/de\/manifesto-deutsch\/\">Deutsch<\/a>\n<a href=\"\/es\/manifesto-francais\/\">Fran\u00e7ais<\/a>\n\n<\/p><\/div><\/div><\/div><\/div><\/div><div class='wppb-builder-addon wppb-addon-1627999944025'  data-addon-id='1627999944025'><div class='wppb-addon'><div class=\"wppb-text-block-addon\"><\/div><\/div><\/div><div class='wppb-builder-addon wppb-addon-1627999944026'  data-addon-id='1627999944026'><div class='wppb-addon'><div class=\"wppb-text-block-addon\"><div class=\"wppb-text-block-content 0\"><h1 style=\"text-align: center\"><strong>CAMP IN DEFENSE OF BARROSO<\/strong><\/h1><h2 style=\"text-align: center\"><strong>No to mines, yes to life!<\/strong><\/h2><p>The people of Barroso are fighting to defend the territory and their way of life against the threat of mining. Since we realized that the company Savannah Resources wants to build a large open-pit mine here, we have organized and mobilized ourselves to face it. We are increasingly alert, committed and aware that we have to stop this project of destruction.<\/p><p>The Savannah mine is the most advanced lithium mineral extraction project in Portuguese territory. It is the first of several mines that the Portuguese government intends to develop, some here in the Barroso region, but also in other parts of the country. Soon, if the Portuguese Environment Agency issues a favorable opinion on the development of the project, regardless of the negative impacts it will bring, it will open the doors to the destruction of various territories.<\/p><p>We are in an unequal fight and we know it. At times, we feel powerless in the face of political and economic power and we feel that our voice is shut and does not have the strength to make itself heard. But we believe that, through solidarity and mutual support, we can counteract this feeling. Join your voice to ours until our screaming defeats the power that insists on not hearing us.<\/p><p>Savannah Resources headquarters are in the UK and is listed on the Alternative Investment Market (AIM), a submarket of the London Stock Exchange for small businesses. It has privileged links with interest groups in the European Union and the Portuguese Government, and is part of the European Alliance for Batteries, a lobby for the automotive industry within the European Commission. At the other mine it intends to develop, in Mozambique, Savannah has partnered with Rio Tinto, a mining company responsible for several environmental and social attacks.<\/p><p>Despite being presented as part of the solution for sustainable mobility in the European scope, the Savannah Mine continues an extractive logic, which strips us of our land, puts livelihoods at risk, worsens the quality of life and worsens even more the problem of depopulation that we face. It also threatens the classification of World Agricultural Heritage that makes us so proud as a Barros\u00e3o people. And, as if that wasn't enough, it still endangers the populations that live on the banks of the Be\u00e7a, T\u00e2mega and Douro rivers.<\/p><p>We need to act, and we need to do it together! People from Barroso, people from other threatened territories, in Portugal and in the world, and all the people who want to show solidarity with this fight. We invite you to camp in Covas do Barroso, between 14 and 18 August 2021. We camp to make known our struggle and our way of life, so that we can share and learn from the experiences of other places. So that together we can organize future actions. Join us!<\/p><p>Welcome to Barroso!<\/p><\/div><\/div><\/div><\/div><div class='wppb-builder-addon wppb-addon-1627999944027'  data-addon-id='1627999944027'><div class='wppb-addon'><div class=\"wppb-text-block-addon\"><div class=\"wppb-text-block-content 0\"><p>\u00a0<\/p><p>\u00a0<\/p><\/div><\/div><\/div><\/div><div class='wppb-builder-addon wppb-addon-1628017626247'  data-addon-id='1628017626247'><div class='wppb-addon'><div class=\"wppb-button-group-addon\"><div class=\"wppb-button-addon-content\"><div class=\"wppb-button-group repeater-0\"><a  href=\"https:\/\/barrososemminas.org\/2021\/acampada\/agenda\/\" target=_self class=\"wppb-btn-addons  wppb-btn-custom wppb-btn-square wppb-btn-standard\">Agenda<\/a><\/div><div class=\"wppb-button-group repeater-1\"><a  href=\"https:\/\/barrososemminas.org\/2021\/apoiar\/inscreve-te\/\" target=_self class=\"wppb-btn-addons  wppb-btn-custom wppb-btn-square wppb-btn-standard\"><i class=\"fas fa-cog\"><\/i> Sign Up<\/a><\/div><div class=\"wppb-button-group repeater-2\"><a  href=\"https:\/\/barrososemminas.org\/2021\/apoiar\/donativos\/\" target=_self class=\"wppb-btn-addons  wppb-btn-custom wppb-btn-square wppb-btn-standard\"><i class=\"far fa-heart\"><\/i> Donate<\/a><\/div><\/div><\/div><\/div><\/div><div class='wppb-builder-addon wppb-addon-1628017626244'  data-addon-id='1628017626244'><div class='wppb-addon'><div class=\"wppb-text-block-addon\"><div class=\"wppb-text-block-content 0\"><p>\u00a0<\/p><p>\u00a0<\/p><\/div><\/div><\/div><\/div>                                            <\/div>\n                                        <\/div>\n                                    <\/div>\n\t\t\t\t\t\t\t\t\t                                    <div  class=\"wppb-column-parent wppb-column-parent-view wppb-col-1627999944028  \"  >\n                                        <div class=\"wppb-column\">\n\t\t\t\t\t\n\t\t\t\t\t\t\t\t\t\t\t\n                                            <div class=\"wppb-builder-addons\">\n\t\t\t\t\t\t\t\t\t\t\t\t<div class='wppb-builder-addon wppb-addon-1627999944029'  data-addon-id='1627999944029'><div class='wppb-addon'><div class=\"wppb-text-block-addon\"><\/div><\/div><\/div>                                            <\/div>\n                                        <\/div>\n                                    <\/div>\n\t\t\t\t\t\t\t\t\t                        <\/div>\n\n                    <\/div>\n                <\/div>\n\t\t\t\t                <div id=\"footer\" class=\"wppb-row-parent  wppb-row-1628017626264 \"  >\n\t\t\t\t\t\n\t\t\t\t\t                        <div class=\"wppb-shape-container wppb-top-shape\">\n\t\t\t\t\t\t\t<svg xmlns=\"http:\/\/www.w3.org\/2000\/svg\" viewBox=\"0 0 1000 100\" preserveAspectRatio=\"none\">\n    <path d=\"M0,6V0H1000V100Z\" transform=\"translate(0 0)\"\/>\n<\/svg>\t\t\t\t\t\t<\/div>\n\t\t\t\t\t\t\t\t\t\t\n\t\t\t\t\t\t\t\t\t\t\n\t\t\t\t\t<div class=\"wppb-container \">\n\t\t\t\t\t\t\t\t\t\t\t\t\t\n                        <div class=\"wppb-row\">\n\t\t\t\t\t\t\t                                    <div  class=\"wppb-column-parent wppb-column-parent-view wppb-col-1628017626265  \"  >\n                                        <div class=\"wppb-column\">\n\t\t\t\t\t\n\t\t\t\t\t\t\t\t\t\t\t\n                                            <div class=\"wppb-builder-addons\">\n\t\t\t\t\t\t\t\t\t\t\t\t<div class='wppb-builder-addon wppb-widget-1628010577180 wppb-addon-1628010577180'  data-addon-id='1628010577180'><div class='wppb-widget'><nav class=\"menu-1-container\" aria-label=\"Menu\"><ul id=\"menu-1\" class=\"menu\"><li id=\"menu-item-426\" class=\"menu-item menu-item-type-post_type menu-item-object-page menu-item-has-children menu-item-426\"><a href=\"https:\/\/barrososemminas.org\/2021\/acampada\/\">ACAMPADA<\/a>\n<ul class=\"sub-menu\">\n\t<li id=\"menu-item-427\" class=\"menu-item menu-item-type-post_type menu-item-object-page menu-item-home menu-item-427\"><a href=\"https:\/\/barrososemminas.org\/2021\/\">Manifesto<\/a><\/li>\n\t<li id=\"menu-item-428\" class=\"menu-item menu-item-type-post_type menu-item-object-page menu-item-428\"><a href=\"https:\/\/barrososemminas.org\/2021\/acampada\/agenda\/\">Agenda<\/a><\/li>\n\t<li id=\"menu-item-431\" class=\"menu-item menu-item-type-post_type menu-item-object-page menu-item-431\"><a href=\"https:\/\/barrososemminas.org\/2021\/?page_id=41\">Sobre o Barroso<\/a><\/li>\n\t<li id=\"menu-item-430\" class=\"menu-item menu-item-type-post_type menu-item-object-page menu-item-430\"><a href=\"https:\/\/barrososemminas.org\/2021\/acampada\/covid-19-consenso\/\">COVID-19 \u2013 CONSENSO<\/a><\/li>\n<\/ul>\n<\/li>\n<\/ul><\/nav><\/div><\/div>                                            <\/div>\n                                        <\/div>\n                                    <\/div>\n\t\t\t\t\t\t\t\t\t                                    <div  class=\"wppb-column-parent wppb-column-parent-view wppb-col-1628017626267  \"  >\n                                        <div class=\"wppb-column\">\n\t\t\t\t\t\n\t\t\t\t\t\t\t\t\t\t\t\n                                            <div class=\"wppb-builder-addons\">\n\t\t\t\t\t\t\t\t\t\t\t\t<div class='wppb-builder-addon wppb-widget-1628010589973 wppb-addon-1628010589973'  data-addon-id='1628010589973'><div class='wppb-widget'><nav class=\"menu-2-container\" aria-label=\"Menu\"><ul id=\"menu-2\" class=\"menu\"><li id=\"menu-item-432\" class=\"menu-item menu-item-type-post_type menu-item-object-page menu-item-has-children menu-item-432\"><a href=\"https:\/\/barrososemminas.org\/2021\/apoiar\/\">APOIAR<\/a>\n<ul class=\"sub-menu\">\n\t<li id=\"menu-item-433\" class=\"menu-item menu-item-type-post_type menu-item-object-page menu-item-433\"><a href=\"https:\/\/barrososemminas.org\/2021\/apoiar\/inscreve-te\/\">Inscreve-te<\/a><\/li>\n\t<li id=\"menu-item-434\" class=\"menu-item menu-item-type-post_type menu-item-object-page menu-item-434\"><a href=\"https:\/\/barrososemminas.org\/2021\/apoiar\/como-chegar\/\">Como chegar<\/a><\/li>\n\t<li id=\"menu-item-436\" class=\"menu-item menu-item-type-post_type menu-item-object-page menu-item-436\"><a href=\"https:\/\/barrososemminas.org\/2021\/bicicletada-contra-as-minas-2021-em-defesa-do-barroso\/\">Vem de Bicicleta!<\/a><\/li>\n\t<li id=\"menu-item-435\" class=\"menu-item menu-item-type-post_type menu-item-object-page menu-item-435\"><a href=\"https:\/\/barrososemminas.org\/2021\/apoiar\/donativos\/\">Donativos<\/a><\/li>\n<\/ul>\n<\/li>\n<\/ul><\/nav><\/div><\/div>                                            <\/div>\n                                        <\/div>\n                                    <\/div>\n\t\t\t\t\t\t\t\t\t                                    <div  class=\"wppb-column-parent wppb-column-parent-view wppb-col-1628017626269  \"  >\n                                        <div class=\"wppb-column\">\n\t\t\t\t\t\n\t\t\t\t\t\t\t\t\t\t\t\n                                            <div class=\"wppb-builder-addons\">\n\t\t\t\t\t\t\t\t\t\t\t\t<div class='wppb-builder-addon wppb-widget-1628010290301 wppb-addon-1628010290301'  data-addon-id='1628010290301'><div class='wppb-widget'><nav class=\"menu-3-container\" aria-label=\"Menu\"><ul id=\"menu-3\" class=\"menu\"><li id=\"menu-item-437\" class=\"menu-item menu-item-type-post_type menu-item-object-page current_page_parent menu-item-437\"><a href=\"https:\/\/barrososemminas.org\/2021\/blog\/\">NOVIDADES<\/a><\/li>\n<li id=\"menu-item-438\" class=\"menu-item menu-item-type-post_type menu-item-object-page menu-item-has-children menu-item-438\"><a href=\"https:\/\/barrososemminas.org\/2021\/coletivos\/\">COLETIVOS<\/a>\n<ul class=\"sub-menu\">\n\t<li id=\"menu-item-439\" class=\"menu-item menu-item-type-post_type menu-item-object-page menu-item-439\"><a href=\"https:\/\/barrososemminas.org\/2021\/coletivos\/amigos\/\">Amigos<\/a><\/li>\n\t<li id=\"menu-item-440\" class=\"menu-item menu-item-type-post_type menu-item-object-page menu-item-440\"><a href=\"https:\/\/barrososemminas.org\/2021\/coletivos\/locais\/\">Do Barroso<\/a><\/li>\n<\/ul>\n<\/li>\n<\/ul><\/nav><\/div><\/div>                                            <\/div>\n                                        <\/div>\n                                    <\/div>\n\t\t\t\t\t\t\t\t\t                                    <div  class=\"wppb-column-parent wppb-column-parent-view wppb-col-1628017626271  \"  >\n                                        <div class=\"wppb-column\">\n\t\t\t\t\t\n\t\t\t\t\t\t\t\t\t\t\t\n                                            <div class=\"wppb-builder-addons\">\n\t\t\t\t\t\t\t\t\t\t\t\t<div class='wppb-builder-addon wppb-widget-1628010599014 wppb-addon-1628010599014'  data-addon-id='1628010599014'><div class='wppb-widget'><nav class=\"menu-4-container\" aria-label=\"Menu\"><ul id=\"menu-4\" class=\"menu\"><li id=\"menu-item-441\" class=\"menu-item menu-item-type-post_type menu-item-object-page menu-item-has-children menu-item-441\"><a href=\"https:\/\/barrososemminas.org\/2021\/extras-2\/\">EXTRAS<\/a>\n<ul class=\"sub-menu\">\n\t<li id=\"menu-item-442\" class=\"menu-item menu-item-type-post_type menu-item-object-page menu-item-442\"><a href=\"https:\/\/barrososemminas.org\/2021\/extras-2\/comunicados-de-imprensa\/\">Comunicados de Imprensa<\/a><\/li>\n\t<li id=\"menu-item-443\" class=\"menu-item menu-item-type-post_type menu-item-object-page menu-item-443\"><a href=\"https:\/\/barrososemminas.org\/2021\/extras-2\/ilustracao\/\">Material para divulga\u00e7\u00e3o<\/a><\/li>\n\t<li id=\"menu-item-482\" class=\"menu-item menu-item-type-post_type menu-item-object-page menu-item-482\"><a href=\"https:\/\/barrososemminas.org\/2021\/mencoes-na-imprensa\/\">Men\u00e7\u00f5es na Imprensa<\/a><\/li>\n<\/ul>\n<\/li>\n<li id=\"menu-item-444\" class=\"menu-item menu-item-type-post_type menu-item-object-page menu-item-444\"><a href=\"https:\/\/barrososemminas.org\/2021\/acampada\/contacta-nos\/\">CONTACTA-NOS<\/a><\/li>\n<\/ul><\/nav><\/div><\/div>                                            <\/div>\n                                        <\/div>\n                                    <\/div>\n\t\t\t\t\t\t\t\t\t                        <\/div>\n\n                    <\/div>\n                <\/div>\n\t\t\t\t<\/div>","protected":false},"excerpt":{"rendered":"<p>Portugu\u00eas\/Galego Castellano English Deutsch Fran\u00e7ais CAMP IN DEFENSE OF BARROSONo to mines, yes to life!The people of Barroso are fighting to defend the territory and their way of life against the threat of mining. Since we realized that the company Savannah Resources wants to build a large open-pit mine here, we have organized and mobilized &hellip; <\/p>\n<p class=\"link-more\"><a href=\"https:\/\/barrososemminas.org\/2021\/en\/manifesto-english\/\" class=\"more-link\">Continue reading<span class=\"screen-reader-text\"> &#8220;Manifesto &#8211; English&#8221;<\/span><\/a><\/p>\n","protected":false},"author":1,"featured_media":0,"parent":0,"menu_order":7,"comment_status":"closed","ping_status":"closed","template":"wppb_theme_template","meta":[],"_links":{"self":[{"href":"https:\/\/barrososemminas.org\/2021\/wp-json\/wp\/v2\/pages\/219"}],"collection":[{"href":"https:\/\/barrososemminas.org\/2021\/wp-json\/wp\/v2\/pages"}],"about":[{"href":"https:\/\/barrososemminas.org\/2021\/wp-json\/wp\/v2\/types\/page"}],"author":[{"embeddable":true,"href":"https:\/\/barrososemminas.org\/2021\/wp-json\/wp\/v2\/users\/1"}],"replies":[{"embeddable":true,"href":"https:\/\/barrososemminas.org\/2021\/wp-json\/wp\/v2\/comments?post=219"}],"version-history":[{"count":1,"href":"https:\/\/barrososemminas.org\/2021\/wp-json\/wp\/v2\/pages\/219\/revisions"}],"predecessor-version":[{"id":232,"href":"https:\/\/barrososemminas.org\/2021\/wp-json\/wp\/v2\/pages\/219\/revisions\/232"}],"wp:attachment":[{"href":"https:\/\/barrososemminas.org\/2021\/wp-json\/wp\/v2\/media?parent=219"}],"curies":[{"name":"wp","href":"https:\/\/api.w.org\/{rel}","templated":true}]}}