{"id":218,"date":"2021-07-20T20:13:21","date_gmt":"2021-07-20T20:13:21","guid":{"rendered":"https:\/\/barrososemminas.org\/2021\/manifesto-espanol\/"},"modified":"2021-08-02T22:56:50","modified_gmt":"2021-08-02T22:56:50","slug":"manifesto-castellano","status":"publish","type":"page","link":"https:\/\/barrososemminas.org\/2021\/es\/manifesto-castellano\/","title":{"rendered":"Manifesto &#8211; Castellano"},"content":{"rendered":"<div id=\"wppb-builder-container\" class=\"wppb-builder-container\">                <div  class=\"wppb-row-parent \"  >\n\t\t\t\t\t\n\t\t\t\t\t\t\t\t\t\t\n\t\t\t\t\t\t\t\t\t\t\n\t\t\t\t\t<div class=\"wppb-container  wppb-row-1627999491635  wppb-container-row-default\">\n\t\t\t\t\t\t\t\t\t\t\t\t\t\n                        <div class=\"wppb-row\">\n\t\t\t\t\t\t\t                                    <div  class=\"wppb-column-parent wppb-column-parent-view wppb-col-1627999491636  \"  >\n                                        <div class=\"wppb-column\">\n\t\t\t\t\t\n\t\t\t\t\t\t\t\t\t\t\t\n                                            <div class=\"wppb-builder-addons\">\n\t\t\t\t\t\t\t\t\t\t\t\t<div class='wppb-builder-addon wppb-addon-1627999491637'  data-addon-id='1627999491637'><div class='wppb-addon'><div class=\"wppb-text-block-addon\"><\/div><\/div><\/div>                                            <\/div>\n                                        <\/div>\n                                    <\/div>\n\t\t\t\t\t\t\t\t\t                                    <div  class=\"wppb-column-parent wppb-column-parent-view wppb-col-1627999491638  \"  >\n                                        <div class=\"wppb-column\">\n\t\t\t\t\t\n\t\t\t\t\t\t\t\t\t\t\t\n                                            <div class=\"wppb-builder-addons\">\n\t\t\t\t\t\t\t\t\t\t\t\t<div class='wppb-builder-addon wppb-addon-1627999491639'  data-addon-id='1627999491639'><div class='wppb-addon'><div class=\"wppb-text-block-addon\"><\/div><\/div><\/div><div class='wppb-builder-addon wppb-addon-1627999491640'  data-addon-id='1627999491640'><div class='wppb-addon'><div class=\"wppb-raw-html-addon\"><div class=\"wppb-raw-html-content\"><div class=\"lang_manifest\">\n<p>\n<a href=\"\/\">Portugu\u00eas\/Galego<\/a> \n\n<a href=\"\/es\/manifesto-castellano\/\">Castellano<\/a>\n\n<a href=\"\/en\/manifesto-english\/\">English<\/a>\n\n<a href=\"\/de\/manifesto-deutsch\/\">Deutsch<\/a>\n<a href=\"\/es\/manifesto-francais\/\">Fran\u00e7ais<\/a>\n\n<\/p><\/div><\/div><\/div><\/div><\/div><div class='wppb-builder-addon wppb-addon-1627999491641'  data-addon-id='1627999491641'><div class='wppb-addon'><div class=\"wppb-text-block-addon\"><\/div><\/div><\/div><div class='wppb-builder-addon wppb-addon-1627999491642'  data-addon-id='1627999491642'><div class='wppb-addon'><div class=\"wppb-text-block-addon\"><div class=\"wppb-text-block-content 0\"><h1 id=\"magicdomid29\" class=\"ace-line\" style=\"text-align: center\"><span class=\"b\"><b>ACAMPADA EN DEFENSA DEL BARROSO<br \/><\/b><\/span><\/h1><h2 class=\"ace-line\" style=\"text-align: center\"><span class=\"b\"><b>\u00a1No a las minas, s\u00ed a la vida!<\/b><\/span><\/h2><div id=\"magicdomid30\" class=\"ace-line\">\u00a0<\/div><div id=\"magicdomid31\" class=\"ace-line\"><span class=\"\">La gente de Barroso est\u00e1 en lucha por la defensa del territorio y de su modo de vida frente a la amenaza de la miner\u00eda. Desde que nos dimos cuenta que la empresa Savannah Resources quiere hacer aqu\u00ed una gran mina a cielo abierto, nos hemos organizado y movilizado para hacerle frente. Estamos cada vez m\u00e1s despiertas, comprometidas y conscientes que tenemos de frenar este proyecto de destrucci\u00f3n.\u00a0<\/span><\/div><div id=\"magicdomid32\" class=\"ace-line\">\u00a0<\/div><div id=\"magicdomid33\" class=\"ace-line\"><span class=\"\">La mina de Savannah es el proyecto de extracci\u00f3n de minerales de litio m\u00e1s avanzado en territorio portugu\u00e9s. Es la primera de varias minas que el Gobierno portugu\u00e9s pretende desarrollar, algunas aqu\u00ed en la regi\u00f3n de Barroso, pero tambi\u00e9n en otras partes del pa\u00eds. Brevemente, si la Agencia Portuguesa del Ambiente aprueba el desarrollo del proyecto, independientemente de los impactos negativos que supondr\u00e1, abrir\u00e1 las puertas para la destrucci\u00f3n de varios territorios.\u00a0<\/span><\/div><div id=\"magicdomid34\" class=\"ace-line\">\u00a0<\/div><div id=\"magicdomid35\" class=\"ace-line\"><span class=\"\">Estamos en una lucha desigual y lo sabemos. A veces, nos sentimos impotentes frente a los designios del poder pol\u00edtico y econ\u00f3mico, sentimos que nuestra voz es acallada y no tiene fuerza para hacerse escuchar. Pero creemos que, a trav\u00e9s de la solidaridad y apoyo mutuo, podemos contrarrestar este sentimiento. Juntad su voz a la nuestra hasta que el clamor ensordezca al poder que insiste en no escucharnos.<\/span><\/div><div id=\"magicdomid36\" class=\"ace-line\"><span class=\"\">\u00a0<\/span><\/div><div id=\"magicdomid37\" class=\"ace-line\"><span class=\"\">Savannah Resources tiene su sede en Reino Unido y se encuentra cotizada en el Alternative Investment Market (AIM), un submercado de la Bolsa de Londres para peque\u00f1as empresas. Tiene conexiones privilegiadas con grupos de inter\u00e9s en la Uni\u00f3n Europea y en el Gobierno portugu\u00e9s, haciendo parte de la Alianza Europea de la Bater\u00edas, un lobby de la industria autom\u00f3vil al interior de la Comisi\u00f3n Europea. En otra mina que pretende desarrollar, en Mozambique, Savannah se asoci\u00f3 con Rio Tinto, empresa minera responsable por varios delitos ambientales y sociales.\u00a0<\/span><\/div><div id=\"magicdomid38\" class=\"ace-line\">\u00a0<\/div><div id=\"magicdomid39\" class=\"ace-line\"><span class=\"\">Pese a que es presentada como parte de la soluci\u00f3n para una movilidad sostenible en Europa, la Mina de Savannah es la continuaci\u00f3n de una din\u00e1mica extractivista, que nos despoja las tierras, ponen en riesgo los medios de subsistencia, empeora la calidad de vida y agrava a\u00fan m\u00e1s el problema de despoblaci\u00f3n que enfrentamos. Amenaza de igual manera la clasificaci\u00f3n de Patrimonio Agr\u00edcola Mundial que nos enorgullece enormemente como pueblo Barros\u00e3o. Y, como si no bastara, a\u00fan ponen en peligro las poblaciones que viven en las orillas de los r\u00edos Be\u00e7a, T\u00e1mega y Duero.\u00a0<\/span><\/div><div id=\"magicdomid40\" class=\"ace-line\">\u00a0<\/div><div id=\"magicdomid41\" class=\"ace-line\"><span class=\"\">\u00a1Necesitamos actuar, y necesitamos hacerlo juntas! Gentes de Barroso, gentes de otros territorios amenazados, en Portugal y en el Mundo, y todas las personas que deseen solidarizarse con esta lucha. Las invitamos para acampar en Covas do Barroso, entre 14 y 18 de agosto de 2021. Acampamos para dar a conocer nuestra lucha y nuestro modo de vida, para que compartamos y aprendamos con las experiencias de otros lugares. Para que juntas podamos organizar acciones futuras. \u00a1\u00dananse a nosotras!<\/span><\/div><div id=\"magicdomid42\" class=\"ace-line\">\u00a0<\/div><div id=\"magicdomid43\" class=\"ace-line\"><span class=\"\">\u00a1Bienvenidas al Barroso!<\/span><\/div><\/div><\/div><\/div><\/div><div class='wppb-builder-addon wppb-addon-1627999491643'  data-addon-id='1627999491643'><div class='wppb-addon'><div class=\"wppb-text-block-addon\"><div class=\"wppb-text-block-content 0\"><p>\u00a0<\/p><p>\u00a0<\/p><\/div><\/div><\/div><\/div><div class='wppb-builder-addon wppb-addon-1628017502673'  data-addon-id='1628017502673'><div class='wppb-addon'><div class=\"wppb-button-group-addon\"><div class=\"wppb-button-addon-content\"><div class=\"wppb-button-group repeater-0\"><a  href=\"https:\/\/barrososemminas.org\/2021\/acampada\/agenda\/\" target=_self class=\"wppb-btn-addons  wppb-btn-custom wppb-btn-square wppb-btn-standard\">Agenda<\/a><\/div><div class=\"wppb-button-group repeater-1\"><a  href=\"https:\/\/barrososemminas.org\/2021\/apoiar\/inscreve-te\/\" target=_self class=\"wppb-btn-addons  wppb-btn-custom wppb-btn-square wppb-btn-standard\"><i class=\"fas fa-cog\"><\/i> Inscri\u00e7\u00e3o<\/a><\/div><div class=\"wppb-button-group repeater-2\"><a  href=\"https:\/\/barrososemminas.org\/2021\/apoiar\/donativos\/\" target=_self class=\"wppb-btn-addons  wppb-btn-custom wppb-btn-square wppb-btn-standard\"><i class=\"far fa-heart\"><\/i> Donativos<\/a><\/div><\/div><\/div><\/div><\/div><div class='wppb-builder-addon wppb-addon-1628017502670'  data-addon-id='1628017502670'><div class='wppb-addon'><div class=\"wppb-text-block-addon\"><div class=\"wppb-text-block-content 0\"><p>\u00a0<\/p><p>\u00a0<\/p><\/div><\/div><\/div><\/div>                                            <\/div>\n                                        <\/div>\n                                    <\/div>\n\t\t\t\t\t\t\t\t\t                                    <div  class=\"wppb-column-parent wppb-column-parent-view wppb-col-1627999491644  \"  >\n                                        <div class=\"wppb-column\">\n\t\t\t\t\t\n\t\t\t\t\t\t\t\t\t\t\t\n                                            <div class=\"wppb-builder-addons\">\n\t\t\t\t\t\t\t\t\t\t\t\t<div class='wppb-builder-addon wppb-addon-1627999491645'  data-addon-id='1627999491645'><div class='wppb-addon'><div class=\"wppb-text-block-addon\"><\/div><\/div><\/div>                                            <\/div>\n                                        <\/div>\n                                    <\/div>\n\t\t\t\t\t\t\t\t\t                        <\/div>\n\n                    <\/div>\n                <\/div>\n\t\t\t\t                <div id=\"footer\" class=\"wppb-row-parent  wppb-row-1628017502674 \"  >\n\t\t\t\t\t\n\t\t\t\t\t                        <div class=\"wppb-shape-container wppb-top-shape\">\n\t\t\t\t\t\t\t<svg xmlns=\"http:\/\/www.w3.org\/2000\/svg\" viewBox=\"0 0 1000 100\" preserveAspectRatio=\"none\">\n    <path d=\"M0,6V0H1000V100Z\" transform=\"translate(0 0)\"\/>\n<\/svg>\t\t\t\t\t\t<\/div>\n\t\t\t\t\t\t\t\t\t\t\n\t\t\t\t\t\t\t\t\t\t\n\t\t\t\t\t<div class=\"wppb-container \">\n\t\t\t\t\t\t\t\t\t\t\t\t\t\n                        <div class=\"wppb-row\">\n\t\t\t\t\t\t\t                                    <div  class=\"wppb-column-parent wppb-column-parent-view wppb-col-1628017502675  \"  >\n                                        <div class=\"wppb-column\">\n\t\t\t\t\t\n\t\t\t\t\t\t\t\t\t\t\t\n                                            <div class=\"wppb-builder-addons\">\n\t\t\t\t\t\t\t\t\t\t\t\t<div class='wppb-builder-addon wppb-widget-1628010577180 wppb-addon-1628010577180'  data-addon-id='1628010577180'><div class='wppb-widget'><nav class=\"menu-1-container\" aria-label=\"Menu\"><ul id=\"menu-1\" class=\"menu\"><li id=\"menu-item-426\" class=\"menu-item menu-item-type-post_type menu-item-object-page menu-item-has-children menu-item-426\"><a href=\"https:\/\/barrososemminas.org\/2021\/acampada\/\">ACAMPADA<\/a>\n<ul class=\"sub-menu\">\n\t<li id=\"menu-item-427\" class=\"menu-item menu-item-type-post_type menu-item-object-page menu-item-home menu-item-427\"><a href=\"https:\/\/barrososemminas.org\/2021\/\">Manifesto<\/a><\/li>\n\t<li id=\"menu-item-428\" class=\"menu-item menu-item-type-post_type menu-item-object-page menu-item-428\"><a href=\"https:\/\/barrososemminas.org\/2021\/acampada\/agenda\/\">Agenda<\/a><\/li>\n\t<li id=\"menu-item-431\" class=\"menu-item menu-item-type-post_type menu-item-object-page menu-item-431\"><a href=\"https:\/\/barrososemminas.org\/2021\/?page_id=41\">Sobre o Barroso<\/a><\/li>\n\t<li id=\"menu-item-430\" class=\"menu-item menu-item-type-post_type menu-item-object-page menu-item-430\"><a href=\"https:\/\/barrososemminas.org\/2021\/acampada\/covid-19-consenso\/\">COVID-19 \u2013 CONSENSO<\/a><\/li>\n<\/ul>\n<\/li>\n<\/ul><\/nav><\/div><\/div>                                            <\/div>\n                                        <\/div>\n                                    <\/div>\n\t\t\t\t\t\t\t\t\t                                    <div  class=\"wppb-column-parent wppb-column-parent-view wppb-col-1628017502677  \"  >\n                                        <div class=\"wppb-column\">\n\t\t\t\t\t\n\t\t\t\t\t\t\t\t\t\t\t\n                                            <div class=\"wppb-builder-addons\">\n\t\t\t\t\t\t\t\t\t\t\t\t<div class='wppb-builder-addon wppb-widget-1628010589973 wppb-addon-1628010589973'  data-addon-id='1628010589973'><div class='wppb-widget'><nav class=\"menu-2-container\" aria-label=\"Menu\"><ul id=\"menu-2\" class=\"menu\"><li id=\"menu-item-432\" class=\"menu-item menu-item-type-post_type menu-item-object-page menu-item-has-children menu-item-432\"><a href=\"https:\/\/barrososemminas.org\/2021\/apoiar\/\">APOIAR<\/a>\n<ul class=\"sub-menu\">\n\t<li id=\"menu-item-433\" class=\"menu-item menu-item-type-post_type menu-item-object-page menu-item-433\"><a href=\"https:\/\/barrososemminas.org\/2021\/apoiar\/inscreve-te\/\">Inscreve-te<\/a><\/li>\n\t<li id=\"menu-item-434\" class=\"menu-item menu-item-type-post_type menu-item-object-page menu-item-434\"><a href=\"https:\/\/barrososemminas.org\/2021\/apoiar\/como-chegar\/\">Como chegar<\/a><\/li>\n\t<li id=\"menu-item-436\" class=\"menu-item menu-item-type-post_type menu-item-object-page menu-item-436\"><a href=\"https:\/\/barrososemminas.org\/2021\/bicicletada-contra-as-minas-2021-em-defesa-do-barroso\/\">Vem de Bicicleta!<\/a><\/li>\n\t<li id=\"menu-item-435\" class=\"menu-item menu-item-type-post_type menu-item-object-page menu-item-435\"><a href=\"https:\/\/barrososemminas.org\/2021\/apoiar\/donativos\/\">Donativos<\/a><\/li>\n<\/ul>\n<\/li>\n<\/ul><\/nav><\/div><\/div>                                            <\/div>\n                                        <\/div>\n                                    <\/div>\n\t\t\t\t\t\t\t\t\t                                    <div  class=\"wppb-column-parent wppb-column-parent-view wppb-col-1628017502679  \"  >\n                                        <div class=\"wppb-column\">\n\t\t\t\t\t\n\t\t\t\t\t\t\t\t\t\t\t\n                                            <div class=\"wppb-builder-addons\">\n\t\t\t\t\t\t\t\t\t\t\t\t<div class='wppb-builder-addon wppb-widget-1628010290301 wppb-addon-1628010290301'  data-addon-id='1628010290301'><div class='wppb-widget'><nav class=\"menu-3-container\" aria-label=\"Menu\"><ul id=\"menu-3\" class=\"menu\"><li id=\"menu-item-437\" class=\"menu-item menu-item-type-post_type menu-item-object-page current_page_parent menu-item-437\"><a href=\"https:\/\/barrososemminas.org\/2021\/blog\/\">NOVIDADES<\/a><\/li>\n<li id=\"menu-item-438\" class=\"menu-item menu-item-type-post_type menu-item-object-page menu-item-has-children menu-item-438\"><a href=\"https:\/\/barrososemminas.org\/2021\/coletivos\/\">COLETIVOS<\/a>\n<ul class=\"sub-menu\">\n\t<li id=\"menu-item-439\" class=\"menu-item menu-item-type-post_type menu-item-object-page menu-item-439\"><a href=\"https:\/\/barrososemminas.org\/2021\/coletivos\/amigos\/\">Amigos<\/a><\/li>\n\t<li id=\"menu-item-440\" class=\"menu-item menu-item-type-post_type menu-item-object-page menu-item-440\"><a href=\"https:\/\/barrososemminas.org\/2021\/coletivos\/locais\/\">Do Barroso<\/a><\/li>\n<\/ul>\n<\/li>\n<\/ul><\/nav><\/div><\/div>                                            <\/div>\n                                        <\/div>\n                                    <\/div>\n\t\t\t\t\t\t\t\t\t                                    <div  class=\"wppb-column-parent wppb-column-parent-view wppb-col-1628017502681  \"  >\n                                        <div class=\"wppb-column\">\n\t\t\t\t\t\n\t\t\t\t\t\t\t\t\t\t\t\n                                            <div class=\"wppb-builder-addons\">\n\t\t\t\t\t\t\t\t\t\t\t\t<div class='wppb-builder-addon wppb-widget-1628010599014 wppb-addon-1628010599014'  data-addon-id='1628010599014'><div class='wppb-widget'><nav class=\"menu-4-container\" aria-label=\"Menu\"><ul id=\"menu-4\" class=\"menu\"><li id=\"menu-item-441\" class=\"menu-item menu-item-type-post_type menu-item-object-page menu-item-has-children menu-item-441\"><a href=\"https:\/\/barrososemminas.org\/2021\/extras-2\/\">EXTRAS<\/a>\n<ul class=\"sub-menu\">\n\t<li id=\"menu-item-442\" class=\"menu-item menu-item-type-post_type menu-item-object-page menu-item-442\"><a href=\"https:\/\/barrososemminas.org\/2021\/extras-2\/comunicados-de-imprensa\/\">Comunicados de Imprensa<\/a><\/li>\n\t<li id=\"menu-item-443\" class=\"menu-item menu-item-type-post_type menu-item-object-page menu-item-443\"><a href=\"https:\/\/barrososemminas.org\/2021\/extras-2\/ilustracao\/\">Material para divulga\u00e7\u00e3o<\/a><\/li>\n\t<li id=\"menu-item-482\" class=\"menu-item menu-item-type-post_type menu-item-object-page menu-item-482\"><a href=\"https:\/\/barrososemminas.org\/2021\/mencoes-na-imprensa\/\">Men\u00e7\u00f5es na Imprensa<\/a><\/li>\n<\/ul>\n<\/li>\n<li id=\"menu-item-444\" class=\"menu-item menu-item-type-post_type menu-item-object-page menu-item-444\"><a href=\"https:\/\/barrososemminas.org\/2021\/acampada\/contacta-nos\/\">CONTACTA-NOS<\/a><\/li>\n<\/ul><\/nav><\/div><\/div>                                            <\/div>\n                                        <\/div>\n                                    <\/div>\n\t\t\t\t\t\t\t\t\t                        <\/div>\n\n                    <\/div>\n                <\/div>\n\t\t\t\t<\/div>","protected":false},"excerpt":{"rendered":"<p>Portugu\u00eas\/Galego Castellano English Deutsch Fran\u00e7ais ACAMPADA EN DEFENSA DEL BARROSO\u00a1No a las minas, s\u00ed a la vida!\u00a0La gente de Barroso est\u00e1 en lucha por la defensa del territorio y de su modo de vida frente a la amenaza de la miner\u00eda. Desde que nos dimos cuenta que la empresa Savannah Resources quiere hacer aqu\u00ed una &hellip; <\/p>\n<p class=\"link-more\"><a href=\"https:\/\/barrososemminas.org\/2021\/es\/manifesto-castellano\/\" class=\"more-link\">Continue reading<span class=\"screen-reader-text\"> &#8220;Manifesto &#8211; Castellano&#8221;<\/span><\/a><\/p>\n","protected":false},"author":1,"featured_media":0,"parent":0,"menu_order":8,"comment_status":"closed","ping_status":"closed","template":"wppb_theme_template","meta":[],"_links":{"self":[{"href":"https:\/\/barrososemminas.org\/2021\/wp-json\/wp\/v2\/pages\/218"}],"collection":[{"href":"https:\/\/barrososemminas.org\/2021\/wp-json\/wp\/v2\/pages"}],"about":[{"href":"https:\/\/barrososemminas.org\/2021\/wp-json\/wp\/v2\/types\/page"}],"author":[{"embeddable":true,"href":"https:\/\/barrososemminas.org\/2021\/wp-json\/wp\/v2\/users\/1"}],"replies":[{"embeddable":true,"href":"https:\/\/barrososemminas.org\/2021\/wp-json\/wp\/v2\/comments?post=218"}],"version-history":[{"count":2,"href":"https:\/\/barrososemminas.org\/2021\/wp-json\/wp\/v2\/pages\/218\/revisions"}],"predecessor-version":[{"id":406,"href":"https:\/\/barrososemminas.org\/2021\/wp-json\/wp\/v2\/pages\/218\/revisions\/406"}],"wp:attachment":[{"href":"https:\/\/barrososemminas.org\/2021\/wp-json\/wp\/v2\/media?parent=218"}],"curies":[{"name":"wp","href":"https:\/\/api.w.org\/{rel}","templated":true}]}}