{"id":203,"date":"2021-07-20T17:48:26","date_gmt":"2021-07-20T17:48:26","guid":{"rendered":"https:\/\/barrososemminas.org\/2021\/?page_id=203"},"modified":"2021-07-21T22:46:00","modified_gmt":"2021-07-21T22:46:00","slug":"como-chegar","status":"publish","type":"page","link":"https:\/\/barrososemminas.org\/2021\/apoiar\/como-chegar\/","title":{"rendered":"Como chegar"},"content":{"rendered":"<div id=\"wppb-builder-container\" class=\"wppb-builder-container\">                <div  class=\"wppb-row-parent  wppb-row-1626950535360 \"  >\n\t\t\t\t\t\n\t\t\t\t\t\t\t\t\t\t\n\t\t\t\t\t\t\t\t\t\t\n\t\t\t\t\t<div class=\"wppb-container \">\n\t\t\t\t\t\t\t\t\t\t\t\t\t\n                        <div class=\"wppb-row\">\n\t\t\t\t\t\t\t                                    <div  class=\"wppb-column-parent wppb-column-parent-view wppb-col-1626950535358  \"  >\n                                        <div class=\"wppb-column\">\n\t\t\t\t\t\n\t\t\t\t\t\t\t\t\t\t\t\n                                            <div class=\"wppb-builder-addons\">\n\t\t\t\t\t\t\t\t\t\t\t\t<div class='wppb-builder-addon wppb-addon-1626951363361'  data-addon-id='1626951363361'><div class='wppb-addon'><div class=\"wppb-headline-addon\"><div class=\"wppb-headline-content\"><h2 class=\"wppb-addon-title\">Como chegar a covas do Barroso?<\/h2><\/div><\/div><\/div><\/div><div class='wppb-builder-addon wppb-addon-1626951085014'  data-addon-id='1626951085014'><div class='wppb-addon'><div class=\"wppb-image-hover-addon wppb-image-hover-one wppb-image-hover-bottomleft\"><div class=\"wppb-image-hover-content\"><div class=\"wppb-image-hover-background image-hover-slideleft\"><div class=\"wppb-image-hover-bg\"><\/div><div class=\"wppb-image-hover-overlay\"><\/div><\/div><div class=\"wppb-image-hover-intro\"><\/div><\/div><\/div><\/div><\/div><div class='wppb-builder-addon wppb-addon-1626950764175'  data-addon-id='1626950764175'><div class='wppb-addon'><div class=\"wppb-text-block-addon\"><div class=\"wppb-text-block-content 0\"><h2>\u00a0<\/h2><div id=\"magicdomid48\" class=\"ace-line\"><span class=\"author-a-z80zz79ziz82zj4gmryz88z0iz79zz87zq\">Est\u00e1s prestes a viajar a um pequeno para\u00edso escondido. E como todos os para\u00edsos, o problema \u00e9 chegar at\u00e9 l\u00e1!<\/span><\/div><div id=\"magicdomid49\" class=\"ace-line\">\u00a0<\/div><div id=\"magicdomid168\" class=\"ace-line\"><span class=\"author-a-z80zz79ziz82zj4gmryz88z0iz79zz87zq\">A Aldeia de Covas do Barroso fica no concelho de Boticas, a aproximadamente 450km de Lisboa e 140km do Porto.<\/span><\/div><div id=\"magicdomid169\" class=\"ace-line\">\u00a0<\/div><h2 id=\"magicdomid181\" class=\"ace-line\"><span class=\"author-a-xy0z90zuz66zz75zz68z7iz71zz122zz84zz65zz77zr\">Viagem de a<\/span><span class=\"author-a-z80zz79ziz82zj4gmryz88z0iz79zz87zq\">utocarro at\u00e9 Chaves<\/span><\/h2><div id=\"magicdomid53\" class=\"ace-line\">A rede expressos tem v\u00e1rios autocarros at\u00e9 chaves:<\/div><div id=\"magicdomid54\" class=\"ace-line\"><span class=\"author-a-z80zz79ziz82zj4gmryz88z0iz79zz87zq url\"><a href=\"https:\/\/rede-expressos.pt\/pt\" rel=\"noreferrer noopener\">https:\/\/rede-expressos.pt\/pt<\/a><\/span><\/div><div id=\"magicdomid182\" class=\"ace-line\">\u00a0<\/div><div id=\"magicdomid62\" class=\"ace-line\">\u00a0<\/div><h2 id=\"magicdomid191\" class=\"ace-line\"><span class=\"author-a-z80zz79ziz82zj4gmryz88z0iz79zz87zq\">Partilhar viagens<\/span><span class=\"author-a-xy0z90zuz66zz75zz68z7iz71zz122zz84zz65zz77zr\"> de carro<\/span><\/h2><div>\u00a0<\/div><div id=\"magicdomid64\" class=\"ace-line\"><span class=\"author-a-z80zz79ziz82zj4gmryz88z0iz79zz87zq\">A forma mais c\u00f3moda de chegar a Covas do Barroso \u00e9 de carro, mas para tirar o melhor partido deste meio de transporte poluente, cri\u00e1mos este \"documento vivo\" onde podes anunciar a tua viagem:<\/span><\/div><div>\u00a0<\/div><div class=\"ace-line\"><span class=\"author-a-z80zz79ziz82zj4gmryz88z0iz79zz87zq url\"><a href=\"https:\/\/pad.riseup.net\/p\/barrososemminas-boleias\" rel=\"noreferrer noopener\">https:\/\/pad.riseup.net\/p\/barrososemminas-boleias<\/a><\/span><\/div><div>\u00a0<\/div><h2>Viagem de Chaves at\u00e9 Covas do Barroso<\/h2><div>Estamos a tratar de organizar autocarros que podem ir buscar pessoas a Boticas ou a Chaves para traze-las at\u00e9 Covas do Barroso.<\/div><div>\u00a0<\/div><div>Mais novidades para breve...<\/div><\/div><\/div><\/div><\/div>                                            <\/div>\n                                        <\/div>\n                                    <\/div>\n\t\t\t\t\t\t\t\t\t                                    <div  class=\"wppb-column-parent wppb-column-parent-view wppb-col-1626950535359  \"  >\n                                        <div class=\"wppb-column\">\n\t\t\t\t\t\n\t\t\t\t\t\t\t\t\t\t\t\n                                            <div class=\"wppb-builder-addons\">\n\t\t\t\t\t\t\t\t\t\t\t\t<div class='wppb-builder-addon wppb-addon-1626950626747'  data-addon-id='1626950626747'><div class='wppb-addon'><div class=\"wppb-raw-html-addon\"><div class=\"wppb-raw-html-content\"><iframe width=\"425\" height=\"350\" frameborder=\"0\" src=\"https:\/\/www.openstreetmap.org\/export\/embed.html?bbox=-9.596557617187502%2C40.753499070431374%2C-5.9710693359375%2C42.508552415528634&amp;layer=mapnik&amp;marker=41.636999392019725%2C-7.7838134765625\"><\/iframe><br \/><small><a href=\"https:\/\/www.openstreetmap.org\/?mlat=41.6370&amp;mlon=-7.7838#map=9\/41.6370\/-7.7838\">Ver mapa noutra p\u00e1gina<\/a><\/small><\/div><\/div><\/div><\/div>                                            <\/div>\n                                        <\/div>\n                                    <\/div>\n\t\t\t\t\t\t\t\t\t                        <\/div>\n\n                    <\/div>\n                <\/div>\n\t\t\t\t                <div id=\"footer\" class=\"wppb-row-parent  wppb-row-1628013433766 \"  >\n\t\t\t\t\t\n\t\t\t\t\t                        <div class=\"wppb-shape-container wppb-top-shape\">\n\t\t\t\t\t\t\t<svg xmlns=\"http:\/\/www.w3.org\/2000\/svg\" viewBox=\"0 0 1000 100\" preserveAspectRatio=\"none\">\n    <path d=\"M0,6V0H1000V100Z\" transform=\"translate(0 0)\"\/>\n<\/svg>\t\t\t\t\t\t<\/div>\n\t\t\t\t\t\t\t\t\t\t\n\t\t\t\t\t\t\t\t\t\t\n\t\t\t\t\t<div class=\"wppb-container \">\n\t\t\t\t\t\t\t\t\t\t\t\t\t\n                        <div class=\"wppb-row\">\n\t\t\t\t\t\t\t                                    <div  class=\"wppb-column-parent wppb-column-parent-view wppb-col-1628013433767  \"  >\n                                        <div class=\"wppb-column\">\n\t\t\t\t\t\n\t\t\t\t\t\t\t\t\t\t\t\n                                            <div class=\"wppb-builder-addons\">\n\t\t\t\t\t\t\t\t\t\t\t\t<div class='wppb-builder-addon wppb-widget-1628010577180 wppb-addon-1628010577180'  data-addon-id='1628010577180'><div class='wppb-widget'><nav class=\"menu-1-container\" aria-label=\"Menu\"><ul id=\"menu-1\" class=\"menu\"><li id=\"menu-item-426\" class=\"menu-item menu-item-type-post_type menu-item-object-page menu-item-has-children menu-item-426\"><a href=\"https:\/\/barrososemminas.org\/2021\/acampada\/\">ACAMPADA<\/a>\n<ul class=\"sub-menu\">\n\t<li id=\"menu-item-427\" class=\"menu-item menu-item-type-post_type menu-item-object-page menu-item-home menu-item-427\"><a href=\"https:\/\/barrososemminas.org\/2021\/\">Manifesto<\/a><\/li>\n\t<li id=\"menu-item-428\" class=\"menu-item menu-item-type-post_type menu-item-object-page menu-item-428\"><a href=\"https:\/\/barrososemminas.org\/2021\/acampada\/agenda\/\">Agenda<\/a><\/li>\n\t<li id=\"menu-item-431\" class=\"menu-item menu-item-type-post_type menu-item-object-page menu-item-431\"><a href=\"https:\/\/barrososemminas.org\/2021\/?page_id=41\">Sobre o Barroso<\/a><\/li>\n\t<li id=\"menu-item-430\" class=\"menu-item menu-item-type-post_type menu-item-object-page menu-item-430\"><a href=\"https:\/\/barrososemminas.org\/2021\/acampada\/covid-19-consenso\/\">COVID-19 \u2013 CONSENSO<\/a><\/li>\n<\/ul>\n<\/li>\n<\/ul><\/nav><\/div><\/div>                                            <\/div>\n                                        <\/div>\n                                    <\/div>\n\t\t\t\t\t\t\t\t\t                                    <div  class=\"wppb-column-parent wppb-column-parent-view wppb-col-1628013433769  \"  >\n                                        <div class=\"wppb-column\">\n\t\t\t\t\t\n\t\t\t\t\t\t\t\t\t\t\t\n                                            <div class=\"wppb-builder-addons\">\n\t\t\t\t\t\t\t\t\t\t\t\t<div class='wppb-builder-addon wppb-widget-1628010589973 wppb-addon-1628010589973'  data-addon-id='1628010589973'><div class='wppb-widget'><nav class=\"menu-2-container\" aria-label=\"Menu\"><ul id=\"menu-2\" class=\"menu\"><li id=\"menu-item-432\" class=\"menu-item menu-item-type-post_type menu-item-object-page menu-item-has-children menu-item-432\"><a href=\"https:\/\/barrososemminas.org\/2021\/apoiar\/\">APOIAR<\/a>\n<ul class=\"sub-menu\">\n\t<li id=\"menu-item-433\" class=\"menu-item menu-item-type-post_type menu-item-object-page menu-item-433\"><a href=\"https:\/\/barrososemminas.org\/2021\/apoiar\/inscreve-te\/\">Inscreve-te<\/a><\/li>\n\t<li id=\"menu-item-434\" class=\"menu-item menu-item-type-post_type menu-item-object-page menu-item-434\"><a href=\"https:\/\/barrososemminas.org\/2021\/apoiar\/como-chegar\/\">Como chegar<\/a><\/li>\n\t<li id=\"menu-item-436\" class=\"menu-item menu-item-type-post_type menu-item-object-page menu-item-436\"><a href=\"https:\/\/barrososemminas.org\/2021\/bicicletada-contra-as-minas-2021-em-defesa-do-barroso\/\">Vem de Bicicleta!<\/a><\/li>\n\t<li id=\"menu-item-435\" class=\"menu-item menu-item-type-post_type menu-item-object-page menu-item-435\"><a href=\"https:\/\/barrososemminas.org\/2021\/apoiar\/donativos\/\">Donativos<\/a><\/li>\n<\/ul>\n<\/li>\n<\/ul><\/nav><\/div><\/div>                                            <\/div>\n                                        <\/div>\n                                    <\/div>\n\t\t\t\t\t\t\t\t\t                                    <div  class=\"wppb-column-parent wppb-column-parent-view wppb-col-1628013433771  \"  >\n                                        <div class=\"wppb-column\">\n\t\t\t\t\t\n\t\t\t\t\t\t\t\t\t\t\t\n                                            <div class=\"wppb-builder-addons\">\n\t\t\t\t\t\t\t\t\t\t\t\t<div class='wppb-builder-addon wppb-widget-1628010290301 wppb-addon-1628010290301'  data-addon-id='1628010290301'><div class='wppb-widget'><nav class=\"menu-3-container\" aria-label=\"Menu\"><ul id=\"menu-3\" class=\"menu\"><li id=\"menu-item-437\" class=\"menu-item menu-item-type-post_type menu-item-object-page current_page_parent menu-item-437\"><a href=\"https:\/\/barrososemminas.org\/2021\/blog\/\">NOVIDADES<\/a><\/li>\n<li id=\"menu-item-438\" class=\"menu-item menu-item-type-post_type menu-item-object-page menu-item-has-children menu-item-438\"><a href=\"https:\/\/barrososemminas.org\/2021\/coletivos\/\">COLETIVOS<\/a>\n<ul class=\"sub-menu\">\n\t<li id=\"menu-item-439\" class=\"menu-item menu-item-type-post_type menu-item-object-page menu-item-439\"><a href=\"https:\/\/barrososemminas.org\/2021\/coletivos\/amigos\/\">Amigos<\/a><\/li>\n\t<li id=\"menu-item-440\" class=\"menu-item menu-item-type-post_type menu-item-object-page menu-item-440\"><a href=\"https:\/\/barrososemminas.org\/2021\/coletivos\/locais\/\">Do Barroso<\/a><\/li>\n<\/ul>\n<\/li>\n<\/ul><\/nav><\/div><\/div>                                            <\/div>\n                                        <\/div>\n                                    <\/div>\n\t\t\t\t\t\t\t\t\t                                    <div  class=\"wppb-column-parent wppb-column-parent-view wppb-col-1628013433773  \"  >\n                                        <div class=\"wppb-column\">\n\t\t\t\t\t\n\t\t\t\t\t\t\t\t\t\t\t\n                                            <div class=\"wppb-builder-addons\">\n\t\t\t\t\t\t\t\t\t\t\t\t<div class='wppb-builder-addon wppb-widget-1628010599014 wppb-addon-1628010599014'  data-addon-id='1628010599014'><div class='wppb-widget'><nav class=\"menu-4-container\" aria-label=\"Menu\"><ul id=\"menu-4\" class=\"menu\"><li id=\"menu-item-441\" class=\"menu-item menu-item-type-post_type menu-item-object-page menu-item-has-children menu-item-441\"><a href=\"https:\/\/barrososemminas.org\/2021\/extras-2\/\">EXTRAS<\/a>\n<ul class=\"sub-menu\">\n\t<li id=\"menu-item-442\" class=\"menu-item menu-item-type-post_type menu-item-object-page menu-item-442\"><a href=\"https:\/\/barrososemminas.org\/2021\/extras-2\/comunicados-de-imprensa\/\">Comunicados de Imprensa<\/a><\/li>\n\t<li id=\"menu-item-443\" class=\"menu-item menu-item-type-post_type menu-item-object-page menu-item-443\"><a href=\"https:\/\/barrososemminas.org\/2021\/extras-2\/ilustracao\/\">Material para divulga\u00e7\u00e3o<\/a><\/li>\n\t<li id=\"menu-item-482\" class=\"menu-item menu-item-type-post_type menu-item-object-page menu-item-482\"><a href=\"https:\/\/barrososemminas.org\/2021\/mencoes-na-imprensa\/\">Men\u00e7\u00f5es na Imprensa<\/a><\/li>\n<\/ul>\n<\/li>\n<li id=\"menu-item-444\" class=\"menu-item menu-item-type-post_type menu-item-object-page menu-item-444\"><a href=\"https:\/\/barrososemminas.org\/2021\/acampada\/contacta-nos\/\">CONTACTA-NOS<\/a><\/li>\n<\/ul><\/nav><\/div><\/div>                                            <\/div>\n                                        <\/div>\n                                    <\/div>\n\t\t\t\t\t\t\t\t\t                        <\/div>\n\n                    <\/div>\n                <\/div>\n\t\t\t\t                <div  class=\"wppb-row-parent  wppb-row-1628182726586 \"  >\n\t\t\t\t\t\n\t\t\t\t\t\t\t\t\t\t\n\t\t\t\t\t\t\t\t\t\t\n\t\t\t\t\t<div class=\"wppb-container \">\n\t\t\t\t\t\t\t\t\t\t\t\t\t\n                        <div class=\"wppb-row\">\n\t\t\t\t\t\t\t                                    <div  class=\"wppb-column-parent wppb-column-parent-view wppb-col-1628182726587  \"  >\n                                        <div class=\"wppb-column\">\n\t\t\t\t\t\n\t\t\t\t\t\t\t\t\t\t\t\n                                            <div class=\"wppb-builder-addons\">\n\t\t\t\t\t\t\t\t\t\t\t\t<div class='wppb-builder-addon wppb-addon-1628182726588'  data-addon-id='1628182726588'><div class='wppb-addon'><div class=\"wppb-icon-addon\"><div class=\"wppb-icon-content\"><span class=\"wppb-icon-inner\"><a  href=\"https:\/\/social.coletivos.org\/@barrososemminas\" target=_blank><i class=\"fab fa-mastodon\"><\/i><\/a><\/span><\/div><\/div><\/div><\/div><div class='wppb-builder-addon wppb-addon-1628182726589'  data-addon-id='1628182726589'><div class='wppb-addon'><div class=\"wppb-raw-html-addon\"><div class=\"wppb-raw-html-content\"><p><\/p>\n<a href=\"https:\/\/social.coletivos.org\/@barrososemminas\">Mastodon<\/a><\/div><\/div><\/div><\/div>                                            <\/div>\n                                        <\/div>\n                                    <\/div>\n\t\t\t\t\t\t\t\t\t                                    <div  class=\"wppb-column-parent wppb-column-parent-view wppb-col-1628182726590  \"  >\n                                        <div class=\"wppb-column\">\n\t\t\t\t\t\n\t\t\t\t\t\t\t\t\t\t\t\n                                            <div class=\"wppb-builder-addons\">\n\t\t\t\t\t\t\t\t\t\t\t\t<div class='wppb-builder-addon wppb-addon-1628182726591'  data-addon-id='1628182726591'><div class='wppb-addon'><div class=\"wppb-icon-addon\"><div class=\"wppb-icon-content\"><span class=\"wppb-icon-inner\"><a  href=\"https:\/\/instagram.com\/barrososemminas?utm_medium=copy_link\" ><i class=\"fab fa-instagram\"><\/i><\/a><\/span><\/div><\/div><\/div><\/div><div class='wppb-builder-addon wppb-addon-1628182726592'  data-addon-id='1628182726592'><div class='wppb-addon'><div class=\"wppb-raw-html-addon\"><div class=\"wppb-raw-html-content\"><p><\/p>\n<a href=\"https:\/\/instagram.com\/barrososemminas?utm_medium=copy_link\">Instagram<\/a><\/div><\/div><\/div><\/div>                                            <\/div>\n                                        <\/div>\n                                    <\/div>\n\t\t\t\t\t\t\t\t\t                                    <div  class=\"wppb-column-parent wppb-column-parent-view wppb-col-1628182726593  \"  >\n                                        <div class=\"wppb-column\">\n\t\t\t\t\t\n\t\t\t\t\t\t\t\t\t\t\t\n                                            <div class=\"wppb-builder-addons\">\n\t\t\t\t\t\t\t\t\t\t\t\t<div class='wppb-builder-addon wppb-addon-1628182726594'  data-addon-id='1628182726594'><div class='wppb-addon'><div class=\"wppb-image-addon\"><figure class=\"wppb-image-addon-content-wrap\"><div class=\"wppb-image-addon-content wppb-imginlineblock\"><img class=\"wppb-image-addon-img\" src=\"https:\/\/barrososemminas.org\/2021\/wp-content\/uploads\/2021\/08\/peertube.png\" alt=\"Peertube\"><\/div><\/figure><\/div><\/div><\/div><div class='wppb-builder-addon wppb-addon-1628182726595'  data-addon-id='1628182726595'><div class='wppb-addon'><div class=\"wppb-raw-html-addon\"><div class=\"wppb-raw-html-content\"><p><\/p>\n<a href=\"https:\/\/videos.coletivos.org\/video-channels\/acampada\/videos\">Peertube<\/a><\/div><\/div><\/div><\/div>                                            <\/div>\n                                        <\/div>\n                                    <\/div>\n\t\t\t\t\t\t\t\t\t                                    <div  class=\"wppb-column-parent wppb-column-parent-view wppb-col-1628182726596  \"  >\n                                        <div class=\"wppb-column\">\n\t\t\t\t\t\n\t\t\t\t\t\t\t\t\t\t\t\n                                            <div class=\"wppb-builder-addons\">\n\t\t\t\t\t\t\t\t\t\t\t\t<div class='wppb-builder-addon wppb-addon-1628182726597'  data-addon-id='1628182726597'><div class='wppb-addon'><div class=\"wppb-icon-addon\"><div class=\"wppb-icon-content\"><span class=\"wppb-icon-inner\"><a  href=\"https:\/\/www.facebook.com\/acampamentoemdefesadobarroso\/\" ><i class=\"fab fa-facebook\"><\/i><\/a><\/span><\/div><\/div><\/div><\/div><div class='wppb-builder-addon wppb-addon-1628182726598'  data-addon-id='1628182726598'><div class='wppb-addon'><div class=\"wppb-raw-html-addon\"><div class=\"wppb-raw-html-content\"><p><\/p>\n<a href=\"https:\/\/www.facebook.com\/acampamentoemdefesadobarroso\/\">Facebook<\/a><\/div><\/div><\/div><\/div>                                            <\/div>\n                                        <\/div>\n                                    <\/div>\n\t\t\t\t\t\t\t\t\t                        <\/div>\n\n                    <\/div>\n                <\/div>\n\t\t\t\t                <div  class=\"wppb-row-parent  wppb-row-1626950535428 \"  >\n\t\t\t\t\t\n\t\t\t\t\t\t\t\t\t\t\n\t\t\t\t\t\t\t\t\t\t\n\t\t\t\t\t<div class=\"wppb-container \">\n\t\t\t\t\t\t\t\t\t\t\t\t\t\n                        <div class=\"wppb-row\">\n\t\t\t\t\t\t\t                                    <div  class=\"wppb-column-parent wppb-column-parent-view wppb-col-1626950535427  \"  >\n                                        <div class=\"wppb-column\">\n\t\t\t\t\t\n\t\t\t\t\t\t\t\t\t\t\t\n                                            <div class=\"wppb-builder-addons\">\n\t\t\t\t\t\t\t\t\t\t\t\t                                            <\/div>\n                                        <\/div>\n                                    <\/div>\n\t\t\t\t\t\t\t\t\t                        <\/div>\n\n                    <\/div>\n                <\/div>\n\t\t\t\t<\/div>","protected":false},"excerpt":{"rendered":"<p>Como chegar a covas do Barroso?\u00a0Est\u00e1s prestes a viajar a um pequeno para\u00edso escondido. E como todos os para\u00edsos, o problema \u00e9 chegar at\u00e9 l\u00e1!\u00a0A Aldeia de Covas do Barroso fica no concelho de Boticas, a aproximadamente 450km de Lisboa e 140km do Porto.\u00a0Viagem de autocarro at\u00e9 ChavesA rede expressos tem v\u00e1rios autocarros at\u00e9 chaves:https:\/\/rede-expressos.pt\/pt\u00a0\u00a0Partilhar &hellip; <\/p>\n<p class=\"link-more\"><a href=\"https:\/\/barrososemminas.org\/2021\/apoiar\/como-chegar\/\" class=\"more-link\">Continue reading<span class=\"screen-reader-text\"> &#8220;Como chegar&#8221;<\/span><\/a><\/p>\n","protected":false},"author":1,"featured_media":0,"parent":27,"menu_order":3,"comment_status":"closed","ping_status":"closed","template":"wppb_theme_template","meta":[],"_links":{"self":[{"href":"https:\/\/barrososemminas.org\/2021\/wp-json\/wp\/v2\/pages\/203"}],"collection":[{"href":"https:\/\/barrososemminas.org\/2021\/wp-json\/wp\/v2\/pages"}],"about":[{"href":"https:\/\/barrososemminas.org\/2021\/wp-json\/wp\/v2\/types\/page"}],"author":[{"embeddable":true,"href":"https:\/\/barrososemminas.org\/2021\/wp-json\/wp\/v2\/users\/1"}],"replies":[{"embeddable":true,"href":"https:\/\/barrososemminas.org\/2021\/wp-json\/wp\/v2\/comments?post=203"}],"version-history":[{"count":1,"href":"https:\/\/barrososemminas.org\/2021\/wp-json\/wp\/v2\/pages\/203\/revisions"}],"predecessor-version":[{"id":204,"href":"https:\/\/barrososemminas.org\/2021\/wp-json\/wp\/v2\/pages\/203\/revisions\/204"}],"up":[{"embeddable":true,"href":"https:\/\/barrososemminas.org\/2021\/wp-json\/wp\/v2\/pages\/27"}],"wp:attachment":[{"href":"https:\/\/barrososemminas.org\/2021\/wp-json\/wp\/v2\/media?parent=203"}],"curies":[{"name":"wp","href":"https:\/\/api.w.org\/{rel}","templated":true}]}}